{"id":1409,"date":"2018-08-08T10:30:21","date_gmt":"2018-08-08T10:30:21","guid":{"rendered":"https:\/\/www.perlino.com\/brands-vini-italiani\/"},"modified":"2023-02-21T16:25:42","modified_gmt":"2023-02-21T16:25:42","slug":"brands-vins-italien","status":"publish","type":"page","link":"https:\/\/www.perlino.com\/fr\/brands-vins-italien\/","title":{"rendered":"Marques principales"},"content":{"rendered":"<p>[vc_row css_animation=\u00a0\u00bb\u00a0\u00bb row_type=\u00a0\u00bbrow\u00a0\u00bb use_row_as_full_screen_section=\u00a0\u00bbno\u00a0\u00bb type=\u00a0\u00bbgrid\u00a0\u00bb angled_section=\u00a0\u00bbno\u00a0\u00bb text_align=\u00a0\u00bbleft\u00a0\u00bb background_image_as_pattern=\u00a0\u00bbwithout_pattern\u00a0\u00bb padding_top=\u00a0\u00bb55&Prime; padding_bottom=\u00a0\u00bb55&Prime; z_index=\u00a0\u00bb\u00a0\u00bb][vc_column][vc_column_text]<\/p>\n<p style=\"text-align: left;\">Au fil du temps, Perlino a perp\u00e9tu\u00e9 la tradition viticole des caves pi\u00e9montaises historiques, avec l&rsquo;acquisition de soci\u00e9t\u00e9s locales de premier plan comme <strong>Filipetti, Scanavino<\/strong> et <strong>Casa Martelletti<\/strong>. Aujourd&rsquo;hui, ces marques ont contribu\u00e9 \u00e0 faire \u00e9merger Perlino et ses produits sur la sc\u00e8ne internationale. Les principales marques incluent <strong>Franzini, Diva di Sera et Corsieri del Palio<\/strong>. Des produits de qualit\u00e9 avec des packagings impactant et gout qui satisfait tous les palais !<\/p>\n<p>[\/vc_column_text][\/vc_column][\/vc_row][vc_row css_animation=\u00a0\u00bb\u00a0\u00bb row_type=\u00a0\u00bbrow\u00a0\u00bb use_row_as_full_screen_section=\u00a0\u00bbno\u00a0\u00bb type=\u00a0\u00bbgrid\u00a0\u00bb angled_section=\u00a0\u00bbno\u00a0\u00bb text_align=\u00a0\u00bbleft\u00a0\u00bb background_image_as_pattern=\u00a0\u00bbwithout_pattern\u00a0\u00bb padding_bottom=\u00a0\u00bb30&Prime; z_index=\u00a0\u00bb\u00a0\u00bb][vc_column width=\u00a0\u00bb1\/3&Prime;][vc_single_image image=\u00a0\u00bb627&Prime; img_size=\u00a0\u00bbfull\u00a0\u00bb alignment=\u00a0\u00bbcenter\u00a0\u00bb qode_css_animation=\u00a0\u00bbelement_from_fade\u00a0\u00bb][\/vc_column][vc_column width=\u00a0\u00bb2\/3&Prime;][vc_empty_space height=\u00a0\u00bb40px\u00a0\u00bb][vc_column_text]<\/p>\n<p style=\"text-align: left;\">FILIPETTI<br \/>\nEst une maison fond\u00e9e en <strong>1922<\/strong> par Giovanni <strong>Giuseppe Filipetti<\/strong>, un grand \u0153nologue pi\u00e9montais. Elle a \u00e9t\u00e9 <strong>acquise par Perlino dans les ann\u00e9es 90<\/strong> et continue aujourd&rsquo;hui d&rsquo;accro\u00eetre sa pr\u00e9sence \u00e0 l\u2019international, avec une gamme de Spumante et de Vermouths de grande qualit\u00e9. Aux principaux Spumanti italiens d&rsquo;excellence vient s\u2019ajouter le c\u00e9l\u00e8bre Vermouth, ap\u00e9ritif italien \u00e9labor\u00e9 selon la recette traditionnelle la plus ancienne. Pour en savoir plus, consultez le site <span style=\"text-decoration: underline;\"><a href=\"https:\/\/www.filipetti.it\" target=\"_blank\" rel=\"noopener\">www.filipetti.it<\/a><\/span><\/p>\n<p>[\/vc_column_text][\/vc_column][\/vc_row][vc_row css_animation=\u00a0\u00bb\u00a0\u00bb row_type=\u00a0\u00bbrow\u00a0\u00bb use_row_as_full_screen_section=\u00a0\u00bbno\u00a0\u00bb type=\u00a0\u00bbgrid\u00a0\u00bb angled_section=\u00a0\u00bbno\u00a0\u00bb text_align=\u00a0\u00bbcenter\u00a0\u00bb background_image_as_pattern=\u00a0\u00bbwithout_pattern\u00a0\u00bb padding_bottom=\u00a0\u00bb30&Prime; z_index=\u00a0\u00bb\u00a0\u00bb][vc_column width=\u00a0\u00bb1\/3&Prime;][vc_single_image image=\u00a0\u00bb632&Prime; img_size=\u00a0\u00bbfull\u00a0\u00bb alignment=\u00a0\u00bbcenter\u00a0\u00bb qode_css_animation=\u00a0\u00bbelement_from_fade\u00a0\u00bb][\/vc_column][vc_column width=\u00a0\u00bb2\/3&Prime;][vc_empty_space height=\u00a0\u00bb40px\u00a0\u00bb][vc_column_text]<\/p>\n<p style=\"text-align: left;\">SCANAVINO<br \/>\nEntreprise familiale fond\u00e9e dans les <strong>ann\u00e9es 20 entre les r\u00e9gions Langhe et le Roero<\/strong>, offre aujourd&rsquo;hui une large gamme de Vins et Spumanti pi\u00e9montais de qualit\u00e9. Par son exp\u00e9rience et ses comp\u00e9tences, Perlino poursuit la production de ces <strong>Vins <\/strong>tout en respectant scrupuleusement leur origine et leur tradition.\u00a0Pour en savoir plus, consultez le site <span style=\"text-decoration: underline;\"><a href=\"http:\/\/www.scanavinowines.com\">www.scanavinowines.com<\/a><\/span><\/p>\n<p>[\/vc_column_text][\/vc_column][\/vc_row][vc_row css_animation=\u00a0\u00bb\u00a0\u00bb row_type=\u00a0\u00bbrow\u00a0\u00bb use_row_as_full_screen_section=\u00a0\u00bbno\u00a0\u00bb type=\u00a0\u00bbgrid\u00a0\u00bb angled_section=\u00a0\u00bbno\u00a0\u00bb text_align=\u00a0\u00bbcenter\u00a0\u00bb background_image_as_pattern=\u00a0\u00bbwithout_pattern\u00a0\u00bb padding_bottom=\u00a0\u00bb30&Prime; z_index=\u00a0\u00bb\u00a0\u00bb][vc_column width=\u00a0\u00bb1\/3&Prime;][vc_single_image image=\u00a0\u00bb2752&Prime; img_size=\u00a0\u00bbfull\u00a0\u00bb alignment=\u00a0\u00bbcenter\u00a0\u00bb qode_css_animation=\u00a0\u00bbelement_from_fade\u00a0\u00bb][\/vc_column][vc_column width=\u00a0\u00bb2\/3&Prime;][vc_empty_space height=\u00a0\u00bb40px\u00a0\u00bb][vc_column_text]<\/p>\n<p style=\"text-align: left;\">CASA MARTELLETTI<br \/>\nRappelle les caves portant le m\u00eame nom construites dans les <strong>ann\u00e9es 70<\/strong> \u00e0 <strong>MontiglioMonferrato<\/strong>, un magnifique village situ\u00e9 \u00e0 quelques kilom\u00e8tres au nord d&rsquo;Asti. La S\u00e9lection Casa Martelletti souhaite repr\u00e9senter les diff\u00e9rentes \u00e2mes du Pi\u00e9mont, \u00eatre un <strong>symbole de tradition<\/strong> et, en m\u00eame temps, un d\u00e9fi de l&rsquo;<strong>innovation<\/strong>. Pour en savoir plus, consultez le site <span style=\"text-decoration: underline;\"><a href=\"https:\/\/www.casamartelletti.it\" target=\"_blank\" rel=\"noopener\">www.casamartelletti.it<\/a><\/span><\/p>\n<p>[\/vc_column_text][\/vc_column][\/vc_row][vc_row css_animation=\u00a0\u00bb\u00a0\u00bb row_type=\u00a0\u00bbrow\u00a0\u00bb use_row_as_full_screen_section=\u00a0\u00bbno\u00a0\u00bb type=\u00a0\u00bbgrid\u00a0\u00bb angled_section=\u00a0\u00bbno\u00a0\u00bb text_align=\u00a0\u00bbcenter\u00a0\u00bb background_image_as_pattern=\u00a0\u00bbwithout_pattern\u00a0\u00bb padding_bottom=\u00a0\u00bb30&Prime; z_index=\u00a0\u00bb\u00a0\u00bb][vc_column width=\u00a0\u00bb1\/3&Prime;][vc_single_image image=\u00a0\u00bb2760&Prime; img_size=\u00a0\u00bbfull\u00a0\u00bb alignment=\u00a0\u00bbcenter\u00a0\u00bb qode_css_animation=\u00a0\u00bbelement_from_fade\u00a0\u00bb][\/vc_column][vc_column width=\u00a0\u00bb2\/3&Prime;][vc_empty_space height=\u00a0\u00bb40px\u00a0\u00bb][vc_column_text]<\/p>\n<p style=\"text-align: left;\">CORSIERI DEL PALIO<br \/>\nCorsieri del Palio Vermouth di Torino est un <strong>hommage \u00e0 la ville historique d&rsquo;Asti<\/strong>, \u00e0 son pass\u00e9 m\u00e9di\u00e9val et \u00e0 son lien avec un \u00e9v\u00e9nement tout aussi ancien : \u00ab\u00a0<strong>Il Palio<\/strong>\u00ab\u00a0. Une recette ancienne qui refl\u00e8te les racines du Pi\u00e9mont. Voyez comment il est n\u00e9&#8230; <span style=\"text-decoration: underline;\"><a href=\"https:\/\/www.corsieridelpalio.com\/\" target=\"_blank\" rel=\"noopener\">www.corsieridelpalio.com<\/a><\/span><\/p>\n<p>[\/vc_column_text][\/vc_column][\/vc_row][vc_row css_animation=\u00a0\u00bb\u00a0\u00bb row_type=\u00a0\u00bbrow\u00a0\u00bb use_row_as_full_screen_section=\u00a0\u00bbno\u00a0\u00bb type=\u00a0\u00bbgrid\u00a0\u00bb angled_section=\u00a0\u00bbno\u00a0\u00bb text_align=\u00a0\u00bbcenter\u00a0\u00bb background_image_as_pattern=\u00a0\u00bbwithout_pattern\u00a0\u00bb padding_bottom=\u00a0\u00bb30&Prime; z_index=\u00a0\u00bb\u00a0\u00bb][vc_column width=\u00a0\u00bb1\/3&Prime;][vc_single_image image=\u00a0\u00bb2756&Prime; img_size=\u00a0\u00bbfull\u00a0\u00bb alignment=\u00a0\u00bbcenter\u00a0\u00bb qode_css_animation=\u00a0\u00bbelement_from_fade\u00a0\u00bb][\/vc_column][vc_column width=\u00a0\u00bb2\/3&Prime;][vc_empty_space height=\u00a0\u00bb40px\u00a0\u00bb][vc_column_text]<\/p>\n<p style=\"text-align: left;\">DIVA DI SERA<br \/>\nCaptivante, d\u00e9termin\u00e9e et avec un beau chapeau&#8230; qui est la Diva di Sera qui donne son nom \u00e0 des <strong>cocktails fruit\u00e9s \u00e0 base de Moscato. <\/strong>Plus d&rsquo;informations dans le <span style=\"text-decoration: underline;\"><a href=\"https:\/\/www.perlino.com\/wp-content\/uploads\/2023\/02\/Diva-di-Sera-catalogue.pdf\" target=\"_blank\" rel=\"noopener\">catalogue.<\/a><\/span><strong><br \/>\n<\/strong><\/p>\n<p>\u00a0[\/vc_column_text][\/vc_column][\/vc_row][vc_row css_animation=\u00a0\u00bb\u00a0\u00bb row_type=\u00a0\u00bbrow\u00a0\u00bb use_row_as_full_screen_section=\u00a0\u00bbno\u00a0\u00bb type=\u00a0\u00bbgrid\u00a0\u00bb angled_section=\u00a0\u00bbno\u00a0\u00bb text_align=\u00a0\u00bbcenter\u00a0\u00bb background_image_as_pattern=\u00a0\u00bbwithout_pattern\u00a0\u00bb padding_bottom=\u00a0\u00bb30&Prime; z_index=\u00a0\u00bb\u00a0\u00bb][vc_column width=\u00a0\u00bb1\/3&Prime;][vc_single_image image=\u00a0\u00bb2764&Prime; img_size=\u00a0\u00bbfull\u00a0\u00bb alignment=\u00a0\u00bbcenter\u00a0\u00bb qode_css_animation=\u00a0\u00bbelement_from_fade\u00a0\u00bb][\/vc_column][vc_column width=\u00a0\u00bb2\/3&Prime;][vc_empty_space height=\u00a0\u00bb40px\u00a0\u00bb][vc_column_text]<\/p>\n<p style=\"text-align: left;\">FRANZINI<br \/>\nUn assortiment \u00e9l\u00e9gant, raffin\u00e9 et p\u00e9tillant. La tradition du <strong>vin mousseux de la m\u00e9thode Martinotti<\/strong> avec une marque historique. Les vins mousseux Franzini sont parfaits pour toutes les occasions.<br \/>\n<span style=\"text-decoration: underline;\"><a href=\"https:\/\/www.perlino.com\/wp-content\/uploads\/2023\/02\/Franzini-2023.pdf\" target=\"_blank\" rel=\"noopener\">Download catalogue<\/a><\/span><\/p>\n<p>[\/vc_column_text][\/vc_column][\/vc_row]<\/p>\n","protected":false},"excerpt":{"rendered":"<p>[vc_row css_animation=\u00a0\u00bb\u00a0\u00bb row_type=\u00a0\u00bbrow\u00a0\u00bb use_row_as_full_screen_section=\u00a0\u00bbno\u00a0\u00bb type=\u00a0\u00bbgrid\u00a0\u00bb angled_section=\u00a0\u00bbno\u00a0\u00bb text_align=\u00a0\u00bbleft\u00a0\u00bb background_image_as_pattern=\u00a0\u00bbwithout_pattern\u00a0\u00bb padding_top=\u00a0\u00bb55&Prime; padding_bottom=\u00a0\u00bb55&Prime; z_index=\u00a0\u00bb\u00a0\u00bb][vc_column][vc_column_text] Au fil du temps, Perlino a perp\u00e9tu\u00e9 la tradition viticole des caves pi\u00e9montaises historiques, avec l&rsquo;acquisition de soci\u00e9t\u00e9s locales de premier plan comme Filipetti, Scanavino et Casa Martelletti. Aujourd&rsquo;hui, ces marques ont contribu\u00e9 \u00e0&#8230;<\/p>\n","protected":false},"author":1,"featured_media":0,"parent":0,"menu_order":0,"comment_status":"closed","ping_status":"closed","template":"full_width.php","meta":[],"_links":{"self":[{"href":"https:\/\/www.perlino.com\/fr\/wp-json\/wp\/v2\/pages\/1409\/"}],"collection":[{"href":"https:\/\/www.perlino.com\/fr\/wp-json\/wp\/v2\/pages\/"}],"about":[{"href":"https:\/\/www.perlino.com\/fr\/wp-json\/wp\/v2\/types\/page\/"}],"author":[{"embeddable":true,"href":"https:\/\/www.perlino.com\/fr\/wp-json\/wp\/v2\/users\/1\/"}],"replies":[{"embeddable":true,"href":"https:\/\/www.perlino.com\/fr\/wp-json\/wp\/v2\/comments\/?post=1409"}],"version-history":[{"count":10,"href":"https:\/\/www.perlino.com\/fr\/wp-json\/wp\/v2\/pages\/1409\/revisions\/"}],"predecessor-version":[{"id":2943,"href":"https:\/\/www.perlino.com\/fr\/wp-json\/wp\/v2\/pages\/1409\/revisions\/2943\/"}],"wp:attachment":[{"href":"https:\/\/www.perlino.com\/fr\/wp-json\/wp\/v2\/media\/?parent=1409"}],"curies":[{"name":"wp","href":"https:\/\/api.w.org\/{rel}","templated":true}]}}