{"id":1400,"date":"2018-07-20T15:49:21","date_gmt":"2018-07-20T15:49:21","guid":{"rendered":"https:\/\/www.perlino.com\/vermouth\/"},"modified":"2023-01-27T14:17:52","modified_gmt":"2023-01-27T14:17:52","slug":"vermouth","status":"publish","type":"page","link":"https:\/\/www.perlino.com\/fr\/vermouth\/","title":{"rendered":"Vermouth"},"content":{"rendered":"<p>[vc_row css_animation=\u00a0\u00bb\u00a0\u00bb row_type=\u00a0\u00bbrow\u00a0\u00bb use_row_as_full_screen_section=\u00a0\u00bbno\u00a0\u00bb type=\u00a0\u00bbgrid\u00a0\u00bb angled_section=\u00a0\u00bbno\u00a0\u00bb text_align=\u00a0\u00bbcenter\u00a0\u00bb background_image_as_pattern=\u00a0\u00bbwithout_pattern\u00a0\u00bb padding_top=\u00a0\u00bb55&Prime; padding_bottom=\u00a0\u00bb55&Prime; z_index=\u00a0\u00bb\u00a0\u00bb][vc_column]<div class='projects_holder_outer v6 portfolio_with_space portfolio_with_hover_text'><div class='projects_holder portfolio_main_holder clearfix v6 hover_text portfolio_full_image diagonal_fade'>\n<article class='mix portfolio_category_64 ' style=''><div class=\"item_holder image_text_zoom_hover\"><div class=\"text_holder\"><div class=\"text_holder_outer\"><div class=\"text_holder_inner\"><h3 itemprop=\"name\" class=\"portfolio_title entry_title\"><a itemprop=\"url\" href=\"https:\/\/www.perlino.com\/fr\/prodotti\/vermouth-extra-dry\/\" >Vermouth Extra Dry<\/a><\/h3><div  class=\"portfolio_separator separator  small center\"><\/div><span class=\"project_category\" >Vermouth<\/span><div class=\"icons_holder\"><\/div><\/div><\/div><\/div><div  class=\"portfolio_shader\"><\/div><div class=\"image_holder\"><span class=\"image\"><img width=\"292\" height=\"984\" src=\"https:\/\/www.perlino.com\/wp-content\/uploads\/2018\/07\/Perlino_Vth_RicStorica_EXTRADRY-e1592839563358.jpg\" class=\"attachment-full size-full wp-post-image\" alt=\"\" loading=\"lazy\" srcset=\"https:\/\/www.perlino.com\/wp-content\/uploads\/2018\/07\/Perlino_Vth_RicStorica_EXTRADRY-e1592839563358.jpg 292w, https:\/\/www.perlino.com\/wp-content\/uploads\/2018\/07\/Perlino_Vth_RicStorica_EXTRADRY-e1592839563358-89x300.jpg 89w\" sizes=\"(max-width: 292px) 100vw, 292px\" \/><\/span><\/div><\/div><\/article>\n<article class='mix portfolio_category_64 ' style=''><div class=\"item_holder image_text_zoom_hover\"><div class=\"text_holder\"><div class=\"text_holder_outer\"><div class=\"text_holder_inner\"><h3 itemprop=\"name\" class=\"portfolio_title entry_title\"><a itemprop=\"url\" href=\"https:\/\/www.perlino.com\/fr\/prodotti\/vermouth-rosso\/\" >Vermouth Rosso<\/a><\/h3><div  class=\"portfolio_separator separator  small center\"><\/div><span class=\"project_category\" >Vermouth<\/span><div class=\"icons_holder\"><\/div><\/div><\/div><\/div><div  class=\"portfolio_shader\"><\/div><div class=\"image_holder\"><span class=\"image\"><img width=\"292\" height=\"984\" src=\"https:\/\/www.perlino.com\/wp-content\/uploads\/2018\/07\/Perlino_Vth_Rosso_RicettaStorica-e1592839829463.jpg\" class=\"attachment-full size-full wp-post-image\" alt=\"\" loading=\"lazy\" srcset=\"https:\/\/www.perlino.com\/wp-content\/uploads\/2018\/07\/Perlino_Vth_Rosso_RicettaStorica-e1592839829463.jpg 292w, https:\/\/www.perlino.com\/wp-content\/uploads\/2018\/07\/Perlino_Vth_Rosso_RicettaStorica-e1592839829463-89x300.jpg 89w\" sizes=\"(max-width: 292px) 100vw, 292px\" \/><\/span><\/div><\/div><\/article>\n<article class='mix portfolio_category_64 ' style=''><div class=\"item_holder image_text_zoom_hover\"><div class=\"text_holder\"><div class=\"text_holder_outer\"><div class=\"text_holder_inner\"><h3 itemprop=\"name\" class=\"portfolio_title entry_title\"><a itemprop=\"url\" href=\"https:\/\/www.perlino.com\/fr\/prodotti\/vermouth-bianco\/\" >Vermouth Bianco<\/a><\/h3><div  class=\"portfolio_separator separator  small center\"><\/div><span class=\"project_category\" >Vermouth<\/span><div class=\"icons_holder\"><\/div><\/div><\/div><\/div><div  class=\"portfolio_shader\"><\/div><div class=\"image_holder\"><span class=\"image\"><img width=\"292\" height=\"984\" src=\"https:\/\/www.perlino.com\/wp-content\/uploads\/2018\/07\/Perlino_Vth_Bianco_RicettaStorica-e1592839912940.jpg\" class=\"attachment-full size-full wp-post-image\" alt=\"\" loading=\"lazy\" srcset=\"https:\/\/www.perlino.com\/wp-content\/uploads\/2018\/07\/Perlino_Vth_Bianco_RicettaStorica-e1592839912940.jpg 292w, https:\/\/www.perlino.com\/wp-content\/uploads\/2018\/07\/Perlino_Vth_Bianco_RicettaStorica-e1592839912940-89x300.jpg 89w\" sizes=\"(max-width: 292px) 100vw, 292px\" \/><\/span><\/div><\/div><\/article>\n<div class='filler'><\/div>\n<div class='filler'><\/div>\n<div class='filler'><\/div>\n<div class='filler'><\/div>\n<div class='filler'><\/div>\n<div class='filler'><\/div>\n<\/div><\/div>[vc_column_text]<\/p>\n<p style=\"text-align: center;\"><strong>Les Vermouths Perlino<\/strong> sont des ap\u00e9ritifs \u00e0 base de vins produits selon <strong>l&rsquo;ancienne recette pi\u00e9montaise.<\/strong> Du vin, du sucre et de l&rsquo;alcool de premi\u00e8re qualit\u00e9 sont m\u00e9lang\u00e9s avec des extraits et des plantes aromatiques que l&rsquo;on laisse infuser pendant des jours. Cela permet d&rsquo;obtenir un produit au go\u00fbt <strong>parfaitement \u00e9quilibr\u00e9<\/strong> entre le sucr\u00e9 et l&rsquo;amer, le d\u00e9licat et l&rsquo;aromatique et au <strong>caract\u00e8re prononc\u00e9<\/strong>.\u00a0 Les Vermouths Perlino se d\u00e9gustent purs, avec des gla\u00e7ons ou\u00a0 s\u2019utilisent comme base pour de nombreux cocktails et ap\u00e9ritifs.<\/p>\n<p>[\/vc_column_text][vc_empty_space]<div class=\" ubtn-ctn-center \"><a class=\"ubtn-link ult-adjust-bottom-margin ubtn-center ubtn-large \"   href = \"https:\/\/www.perlino.com\/wp-content\/uploads\/2023\/01\/A4-Cat-Perlino-.pdf\" target='_blank'><button type=\"button\" id=\"ubtn-8386\" class=\"ubtn ult-adjust-bottom-margin ult-responsive ubtn-large ubtn-fade-bg  none  ubtn-center   tooltip-69e33c933634b\"  data-hover=\"\" data-border-color=\"\" data-bg=\"#e0e0e0\" data-hover-bg=\"#bababa\" data-border-hover=\"\" data-shadow-hover=\"\" data-shadow-click=\"none\" data-shadow=\"\" data-shd-shadow=\"\"  data-ultimate-target='#ubtn-8386'  data-responsive-json-new='{\"font-size\":\"\",\"line-height\":\"\"}'  style=\"font-weight:normal;border:none;background: #e0e0e0;color: #000000;\"><span class=\"ubtn-hover\" style=\"background-color:#bababa\"><\/span><span class=\"ubtn-data ubtn-text \" >CATALOGUE COMPLET<\/span><\/button><\/a><\/div>[\/vc_column][\/vc_row]<\/p>\n","protected":false},"excerpt":{"rendered":"<p>[vc_row css_animation=\u00a0\u00bb\u00a0\u00bb row_type=\u00a0\u00bbrow\u00a0\u00bb use_row_as_full_screen_section=\u00a0\u00bbno\u00a0\u00bb type=\u00a0\u00bbgrid\u00a0\u00bb angled_section=\u00a0\u00bbno\u00a0\u00bb text_align=\u00a0\u00bbcenter\u00a0\u00bb background_image_as_pattern=\u00a0\u00bbwithout_pattern\u00a0\u00bb padding_top=\u00a0\u00bb55&Prime; padding_bottom=\u00a0\u00bb55&Prime; z_index=\u00a0\u00bb\u00a0\u00bb][vc_column][vc_column_text] Les Vermouths Perlino sont des ap\u00e9ritifs \u00e0 base de vins produits selon l&rsquo;ancienne recette pi\u00e9montaise. Du vin, du sucre et de l&rsquo;alcool de premi\u00e8re qualit\u00e9 sont m\u00e9lang\u00e9s avec des extraits et des plantes aromatiques&#8230;<\/p>\n","protected":false},"author":1,"featured_media":0,"parent":0,"menu_order":0,"comment_status":"closed","ping_status":"closed","template":"full_width.php","meta":[],"_links":{"self":[{"href":"https:\/\/www.perlino.com\/fr\/wp-json\/wp\/v2\/pages\/1400\/"}],"collection":[{"href":"https:\/\/www.perlino.com\/fr\/wp-json\/wp\/v2\/pages\/"}],"about":[{"href":"https:\/\/www.perlino.com\/fr\/wp-json\/wp\/v2\/types\/page\/"}],"author":[{"embeddable":true,"href":"https:\/\/www.perlino.com\/fr\/wp-json\/wp\/v2\/users\/1\/"}],"replies":[{"embeddable":true,"href":"https:\/\/www.perlino.com\/fr\/wp-json\/wp\/v2\/comments\/?post=1400"}],"version-history":[{"count":7,"href":"https:\/\/www.perlino.com\/fr\/wp-json\/wp\/v2\/pages\/1400\/revisions\/"}],"predecessor-version":[{"id":2923,"href":"https:\/\/www.perlino.com\/fr\/wp-json\/wp\/v2\/pages\/1400\/revisions\/2923\/"}],"wp:attachment":[{"href":"https:\/\/www.perlino.com\/fr\/wp-json\/wp\/v2\/media\/?parent=1400"}],"curies":[{"name":"wp","href":"https:\/\/api.w.org\/{rel}","templated":true}]}}