{"id":1397,"date":"2018-08-09T10:07:33","date_gmt":"2018-08-09T10:07:33","guid":{"rendered":"https:\/\/www.perlino.com\/spumanti\/"},"modified":"2023-01-03T23:08:23","modified_gmt":"2023-01-03T23:08:23","slug":"spumanti","status":"publish","type":"page","link":"https:\/\/www.perlino.com\/fr\/spumanti\/","title":{"rendered":"VINS MOUSSEUX"},"content":{"rendered":"<p>[vc_row css_animation=\u00a0\u00bb\u00a0\u00bb row_type=\u00a0\u00bbrow\u00a0\u00bb use_row_as_full_screen_section=\u00a0\u00bbno\u00a0\u00bb type=\u00a0\u00bbgrid\u00a0\u00bb angled_section=\u00a0\u00bbno\u00a0\u00bb text_align=\u00a0\u00bbcenter\u00a0\u00bb background_image_as_pattern=\u00a0\u00bbwithout_pattern\u00a0\u00bb padding_top=\u00a0\u00bb55&Prime; padding_bottom=\u00a0\u00bb55&Prime; z_index=\u00a0\u00bb\u00a0\u00bb][vc_column]<div class='projects_holder_outer v5 portfolio_with_space portfolio_with_hover_text'><div class='projects_holder portfolio_main_holder clearfix v5 hover_text portfolio_full_image diagonal_fade'>\n<article class='mix portfolio_category_63 ' style=''><div class=\"item_holder image_text_zoom_hover\"><div class=\"text_holder\"><div class=\"text_holder_outer\"><div class=\"text_holder_inner\"><h3 itemprop=\"name\" class=\"portfolio_title entry_title\"><a itemprop=\"url\" href=\"https:\/\/www.perlino.com\/fr\/prodotti\/asti-dolce-docg\/\" >Asti Dolce D.O.C.G.<\/a><\/h3><div  class=\"portfolio_separator separator  small center\"><\/div><span class=\"project_category\" >Vin mousseux<\/span><div class=\"icons_holder\"><\/div><\/div><\/div><\/div><div  class=\"portfolio_shader\"><\/div><div class=\"image_holder\"><span class=\"image\"><img width=\"208\" height=\"700\" src=\"https:\/\/www.perlino.com\/wp-content\/uploads\/2018\/08\/asti2.jpg\" class=\"attachment-full size-full wp-post-image\" alt=\"\" loading=\"lazy\" srcset=\"https:\/\/www.perlino.com\/wp-content\/uploads\/2018\/08\/asti2.jpg 208w, https:\/\/www.perlino.com\/wp-content\/uploads\/2018\/08\/asti2-89x300.jpg 89w\" sizes=\"(max-width: 208px) 100vw, 208px\" \/><\/span><\/div><\/div><\/article>\n<article class='mix portfolio_category_63 ' style=''><div class=\"item_holder image_text_zoom_hover\"><div class=\"text_holder\"><div class=\"text_holder_outer\"><div class=\"text_holder_inner\"><h3 itemprop=\"name\" class=\"portfolio_title entry_title\"><a itemprop=\"url\" href=\"https:\/\/www.perlino.com\/fr\/prodotti\/prosecco-doc-extradry\/\" >Prosecco D.O.C. Extradry 750 ml<\/a><\/h3><div  class=\"portfolio_separator separator  small center\"><\/div><span class=\"project_category\" >Vin mousseux<\/span><div class=\"icons_holder\"><\/div><\/div><\/div><\/div><div  class=\"portfolio_shader\"><\/div><div class=\"image_holder\"><span class=\"image\"><img width=\"208\" height=\"700\" src=\"https:\/\/www.perlino.com\/wp-content\/uploads\/2018\/08\/prosecco24.jpg\" class=\"attachment-full size-full wp-post-image\" alt=\"\" loading=\"lazy\" srcset=\"https:\/\/www.perlino.com\/wp-content\/uploads\/2018\/08\/prosecco24.jpg 208w, https:\/\/www.perlino.com\/wp-content\/uploads\/2018\/08\/prosecco24-89x300.jpg 89w\" sizes=\"(max-width: 208px) 100vw, 208px\" \/><\/span><\/div><\/div><\/article>\n<article class='mix portfolio_category_63 ' style=''><div class=\"item_holder image_text_zoom_hover\"><div class=\"text_holder\"><div class=\"text_holder_outer\"><div class=\"text_holder_inner\"><h3 itemprop=\"name\" class=\"portfolio_title entry_title\"><a itemprop=\"url\" href=\"https:\/\/www.perlino.com\/fr\/prodotti\/prosecco-d-o-c-extradry-375-ml\/\" >Prosecco D.O.C. Extradry 375 ml<\/a><\/h3><div  class=\"portfolio_separator separator  small center\"><\/div><span class=\"project_category\" >Vin mousseux<\/span><div class=\"icons_holder\"><\/div><\/div><\/div><\/div><div  class=\"portfolio_shader\"><\/div><div class=\"image_holder\"><span class=\"image\"><img width=\"208\" height=\"700\" src=\"https:\/\/www.perlino.com\/wp-content\/uploads\/2023\/01\/prosecchino2.jpg\" class=\"attachment-full size-full wp-post-image\" alt=\"\" loading=\"lazy\" srcset=\"https:\/\/www.perlino.com\/wp-content\/uploads\/2023\/01\/prosecchino2.jpg 208w, https:\/\/www.perlino.com\/wp-content\/uploads\/2023\/01\/prosecchino2-89x300.jpg 89w\" sizes=\"(max-width: 208px) 100vw, 208px\" \/><\/span><\/div><\/div><\/article>\n<article class='mix portfolio_category_63 ' style=''><div class=\"item_holder image_text_zoom_hover\"><div class=\"text_holder\"><div class=\"text_holder_outer\"><div class=\"text_holder_inner\"><h3 itemprop=\"name\" class=\"portfolio_title entry_title\"><a itemprop=\"url\" href=\"https:\/\/www.perlino.com\/fr\/prodotti\/prosecco-dop-extra-dry-bio\/\" >Prosecco Dop Extra Dry BIO<\/a><\/h3><div  class=\"portfolio_separator separator  small center\"><\/div><span class=\"project_category\" >Vin mousseux<\/span><div class=\"icons_holder\"><\/div><\/div><\/div><\/div><div  class=\"portfolio_shader\"><\/div><div class=\"image_holder\"><span class=\"image\"><img width=\"208\" height=\"700\" src=\"https:\/\/www.perlino.com\/wp-content\/uploads\/2020\/10\/prosecco.jpg\" class=\"attachment-full size-full wp-post-image\" alt=\"\" loading=\"lazy\" srcset=\"https:\/\/www.perlino.com\/wp-content\/uploads\/2020\/10\/prosecco.jpg 208w, https:\/\/www.perlino.com\/wp-content\/uploads\/2020\/10\/prosecco-89x300.jpg 89w\" sizes=\"(max-width: 208px) 100vw, 208px\" \/><\/span><\/div><\/div><\/article>\n<article class='mix portfolio_category_63 ' style=''><div class=\"item_holder image_text_zoom_hover\"><div class=\"text_holder\"><div class=\"text_holder_outer\"><div class=\"text_holder_inner\"><h3 itemprop=\"name\" class=\"portfolio_title entry_title\"><a itemprop=\"url\" href=\"https:\/\/www.perlino.com\/fr\/prodotti\/prosecco-dop-rose-extra-dry-millesimato\/\" >Prosecco Dop Ros\u00e9 Extra Dry Millesimato<\/a><\/h3><div  class=\"portfolio_separator separator  small center\"><\/div><span class=\"project_category\" >Vin mousseux<\/span><div class=\"icons_holder\"><\/div><\/div><\/div><\/div><div  class=\"portfolio_shader\"><\/div><div class=\"image_holder\"><span class=\"image\"><img width=\"208\" height=\"700\" src=\"https:\/\/www.perlino.com\/wp-content\/uploads\/2020\/10\/rose-1.jpg\" class=\"attachment-full size-full wp-post-image\" alt=\"\" loading=\"lazy\" srcset=\"https:\/\/www.perlino.com\/wp-content\/uploads\/2020\/10\/rose-1.jpg 208w, https:\/\/www.perlino.com\/wp-content\/uploads\/2020\/10\/rose-1-89x300.jpg 89w\" sizes=\"(max-width: 208px) 100vw, 208px\" \/><\/span><\/div><\/div><\/article>\n<article class='mix portfolio_category_63 ' style=''><div class=\"item_holder image_text_zoom_hover\"><div class=\"text_holder\"><div class=\"text_holder_outer\"><div class=\"text_holder_inner\"><h3 itemprop=\"name\" class=\"portfolio_title entry_title\"><a itemprop=\"url\" href=\"https:\/\/www.perlino.com\/fr\/prodotti\/vino-moscato-spumante\/\" >Vino Moscato Spumante<\/a><\/h3><div  class=\"portfolio_separator separator  small center\"><\/div><span class=\"project_category\" >Vin mousseux<\/span><div class=\"icons_holder\"><\/div><\/div><\/div><\/div><div  class=\"portfolio_shader\"><\/div><div class=\"image_holder\"><span class=\"image\"><img width=\"208\" height=\"700\" src=\"https:\/\/www.perlino.com\/wp-content\/uploads\/2018\/08\/moscatodolce.jpg\" class=\"attachment-full size-full wp-post-image\" alt=\"\" loading=\"lazy\" srcset=\"https:\/\/www.perlino.com\/wp-content\/uploads\/2018\/08\/moscatodolce.jpg 208w, https:\/\/www.perlino.com\/wp-content\/uploads\/2018\/08\/moscatodolce-89x300.jpg 89w\" sizes=\"(max-width: 208px) 100vw, 208px\" \/><\/span><\/div><\/div><\/article>\n<article class='mix portfolio_category_63 ' style=''><div class=\"item_holder image_text_zoom_hover\"><div class=\"text_holder\"><div class=\"text_holder_outer\"><div class=\"text_holder_inner\"><h3 itemprop=\"name\" class=\"portfolio_title entry_title\"><a itemprop=\"url\" href=\"https:\/\/www.perlino.com\/fr\/prodotti\/moscato-vsq-rosato-dolce\/\" >Moscato VSQ Rosato Dolce<\/a><\/h3><div  class=\"portfolio_separator separator  small center\"><\/div><span class=\"project_category\" >Vin mousseux<\/span><div class=\"icons_holder\"><\/div><\/div><\/div><\/div><div  class=\"portfolio_shader\"><\/div><div class=\"image_holder\"><span class=\"image\"><img width=\"208\" height=\"700\" src=\"https:\/\/www.perlino.com\/wp-content\/uploads\/2020\/10\/moscato.jpg\" class=\"attachment-full size-full wp-post-image\" alt=\"\" loading=\"lazy\" srcset=\"https:\/\/www.perlino.com\/wp-content\/uploads\/2020\/10\/moscato.jpg 208w, https:\/\/www.perlino.com\/wp-content\/uploads\/2020\/10\/moscato-89x300.jpg 89w\" sizes=\"(max-width: 208px) 100vw, 208px\" \/><\/span><\/div><\/div><\/article>\n<article class='mix portfolio_category_63 ' style=''><div class=\"item_holder image_text_zoom_hover\"><div class=\"text_holder\"><div class=\"text_holder_outer\"><div class=\"text_holder_inner\"><h3 itemprop=\"name\" class=\"portfolio_title entry_title\"><a itemprop=\"url\" href=\"https:\/\/www.perlino.com\/fr\/prodotti\/vino-spumante-pinot-chardonnay-brut\/\" >Vino Spumante Pinot Chardonnay Brut<\/a><\/h3><div  class=\"portfolio_separator separator  small center\"><\/div><span class=\"project_category\" >Vin mousseux<\/span><div class=\"icons_holder\"><\/div><\/div><\/div><\/div><div  class=\"portfolio_shader\"><\/div><div class=\"image_holder\"><span class=\"image\"><img width=\"208\" height=\"700\" src=\"https:\/\/www.perlino.com\/wp-content\/uploads\/2018\/08\/brut.jpg\" class=\"attachment-full size-full wp-post-image\" alt=\"\" loading=\"lazy\" srcset=\"https:\/\/www.perlino.com\/wp-content\/uploads\/2018\/08\/brut.jpg 208w, https:\/\/www.perlino.com\/wp-content\/uploads\/2018\/08\/brut-89x300.jpg 89w\" sizes=\"(max-width: 208px) 100vw, 208px\" \/><\/span><\/div><\/div><\/article>\n<article class='mix portfolio_category_63 ' style=''><div class=\"item_holder image_text_zoom_hover\"><div class=\"text_holder\"><div class=\"text_holder_outer\"><div class=\"text_holder_inner\"><h3 itemprop=\"name\" class=\"portfolio_title entry_title\"><a itemprop=\"url\" href=\"https:\/\/www.perlino.com\/fr\/prodotti\/vino-spumante-rosato-brut\/\" >Vino Spumante Rosato Brut<\/a><\/h3><div  class=\"portfolio_separator separator  small center\"><\/div><span class=\"project_category\" >Vin mousseux<\/span><div class=\"icons_holder\"><\/div><\/div><\/div><\/div><div  class=\"portfolio_shader\"><\/div><div class=\"image_holder\"><span class=\"image\"><img width=\"208\" height=\"700\" src=\"https:\/\/www.perlino.com\/wp-content\/uploads\/2018\/08\/spumante.jpg\" class=\"attachment-full size-full wp-post-image\" alt=\"\" loading=\"lazy\" srcset=\"https:\/\/www.perlino.com\/wp-content\/uploads\/2018\/08\/spumante.jpg 208w, https:\/\/www.perlino.com\/wp-content\/uploads\/2018\/08\/spumante-89x300.jpg 89w\" sizes=\"(max-width: 208px) 100vw, 208px\" \/><\/span><\/div><\/div><\/article>\n<div class='filler'><\/div>\n<div class='filler'><\/div>\n<div class='filler'><\/div>\n<div class='filler'><\/div>\n<div class='filler'><\/div>\n<\/div><\/div>[vc_column_text]<\/p>\n<p style=\"text-align: center;\"><strong>Passion et tradition <\/strong>s&rsquo;unissent pour cr\u00e9er une gamme de Spumanti (vins effervescents italiens) au <strong>go\u00fbt frais et jeune<\/strong>, tout en \u00e9tant charg\u00e9 d&rsquo;histoire. La s\u00e9lection \u00ab\u00a0<strong>Perlino Spumanti<\/strong>\u00a0\u00bb offre une large gamme qui va du go\u00fbt sec et prononc\u00e9 au go\u00fbt plus sucr\u00e9 et plus d\u00e9licat. <strong>Id\u00e9ale pour toutes les occasions de f\u00eate et pour tous les palais.<\/strong> Consomm\u00e9s frais, \u00e0 l&rsquo;ap\u00e9ritif\u00a0 ou au dessert, ils deviendront un pr\u00e9texte savoureux pour <strong>porter un toast<\/strong>.<\/p>\n<p>[\/vc_column_text][vc_empty_space]<div class=\" ubtn-ctn-center \"><a class=\"ubtn-link ult-adjust-bottom-margin ubtn-center ubtn-large \"   href = \"https:\/\/www.perlino.com\/wp-content\/uploads\/2023\/01\/A4-Cat-Perlino-.pdf\" target='_blank'><button type=\"button\" id=\"ubtn-1003\" class=\"ubtn ult-adjust-bottom-margin ult-responsive ubtn-large ubtn-fade-bg  none  ubtn-center   tooltip-69e3094bc89cf\"  data-hover=\"\" data-border-color=\"\" data-bg=\"#e0e0e0\" data-hover-bg=\"#bababa\" data-border-hover=\"\" data-shadow-hover=\"\" data-shadow-click=\"none\" data-shadow=\"\" data-shd-shadow=\"\"  data-ultimate-target='#ubtn-1003'  data-responsive-json-new='{\"font-size\":\"\",\"line-height\":\"\"}'  style=\"font-weight:normal;border:none;background: #e0e0e0;color: #000000;\"><span class=\"ubtn-hover\" style=\"background-color:#bababa\"><\/span><span class=\"ubtn-data ubtn-text \" >CATALOGUE COMPLET<\/span><\/button><\/a><\/div>[\/vc_column][\/vc_row]<\/p>\n","protected":false},"excerpt":{"rendered":"<p>[vc_row css_animation=\u00a0\u00bb\u00a0\u00bb row_type=\u00a0\u00bbrow\u00a0\u00bb use_row_as_full_screen_section=\u00a0\u00bbno\u00a0\u00bb type=\u00a0\u00bbgrid\u00a0\u00bb angled_section=\u00a0\u00bbno\u00a0\u00bb text_align=\u00a0\u00bbcenter\u00a0\u00bb background_image_as_pattern=\u00a0\u00bbwithout_pattern\u00a0\u00bb padding_top=\u00a0\u00bb55&Prime; padding_bottom=\u00a0\u00bb55&Prime; z_index=\u00a0\u00bb\u00a0\u00bb][vc_column][vc_column_text] Passion et tradition s&rsquo;unissent pour cr\u00e9er une gamme de Spumanti (vins effervescents italiens) au go\u00fbt frais et jeune, tout en \u00e9tant charg\u00e9 d&rsquo;histoire. La s\u00e9lection \u00ab\u00a0Perlino Spumanti\u00a0\u00bb offre une large gamme qui va du&#8230;<\/p>\n","protected":false},"author":1,"featured_media":0,"parent":0,"menu_order":0,"comment_status":"closed","ping_status":"closed","template":"full_width.php","meta":[],"_links":{"self":[{"href":"https:\/\/www.perlino.com\/fr\/wp-json\/wp\/v2\/pages\/1397\/"}],"collection":[{"href":"https:\/\/www.perlino.com\/fr\/wp-json\/wp\/v2\/pages\/"}],"about":[{"href":"https:\/\/www.perlino.com\/fr\/wp-json\/wp\/v2\/types\/page\/"}],"author":[{"embeddable":true,"href":"https:\/\/www.perlino.com\/fr\/wp-json\/wp\/v2\/users\/1\/"}],"replies":[{"embeddable":true,"href":"https:\/\/www.perlino.com\/fr\/wp-json\/wp\/v2\/comments\/?post=1397"}],"version-history":[{"count":8,"href":"https:\/\/www.perlino.com\/fr\/wp-json\/wp\/v2\/pages\/1397\/revisions\/"}],"predecessor-version":[{"id":2748,"href":"https:\/\/www.perlino.com\/fr\/wp-json\/wp\/v2\/pages\/1397\/revisions\/2748\/"}],"wp:attachment":[{"href":"https:\/\/www.perlino.com\/fr\/wp-json\/wp\/v2\/media\/?parent=1397"}],"curies":[{"name":"wp","href":"https:\/\/api.w.org\/{rel}","templated":true}]}}