{"id":1378,"date":"2018-11-21T09:05:08","date_gmt":"2018-11-21T09:05:08","guid":{"rendered":"https:\/\/www.perlino.com\/produzione-spumanti-vini\/"},"modified":"2026-01-08T08:35:25","modified_gmt":"2026-01-08T08:35:25","slug":"production-spumanti-vins","status":"publish","type":"page","link":"https:\/\/www.perlino.com\/fr\/production-spumanti-vins\/","title":{"rendered":"Site de production"},"content":{"rendered":"<p>[vc_row css_animation=\u00a0\u00bb\u00a0\u00bb row_type=\u00a0\u00bbrow\u00a0\u00bb use_row_as_full_screen_section=\u00a0\u00bbno\u00a0\u00bb type=\u00a0\u00bbgrid\u00a0\u00bb angled_section=\u00a0\u00bbno\u00a0\u00bb text_align=\u00a0\u00bbleft\u00a0\u00bb background_image_as_pattern=\u00a0\u00bbwithout_pattern\u00a0\u00bb padding_top=\u00a0\u00bb55&Prime; z_index=\u00a0\u00bb\u00a0\u00bb][vc_column width=\u00a0\u00bb1\/2&Prime;][vc_column_text]<\/p>\n<p style=\"text-align: left;\">Le site historique a r\u00e9cemment fait l&rsquo;objet d&rsquo;importantes r\u00e9novations. Actuellement, le site de production dispose de <strong>trois lignes d&#8217;embouteillage<\/strong> : une ligne d\u00e9di\u00e9e \u00e0 la production de Vermouths, Cr\u00e8mes et Vins Aromatis\u00e9s, une ligne pour la production de Spumante (vins effervescents italiens)et une ligne r\u00e9serv\u00e9e aux plus petites productions, avec une capacit\u00e9 totale d\u2019embouteillage <strong>de plus de 100 000 bouteilles par jour<\/strong>. Entre les caves \u00e0 Spumante et les caves \u00e0 Vermouth, Perlino g\u00e8re plus de <strong>130 000 hl<\/strong> par an.<\/p>\n<p>&nbsp;<\/p>\n<p><span style=\"text-decoration: underline;\"><a href=\"https:\/\/www.youtube.com\/watch?v=GQuTojj0PuI\" target=\"_blank\" rel=\"noopener\">Voir la vid\u00e9o Maspack en collaboration avec Perlino Spa<\/a><\/span>[\/vc_column_text][\/vc_column][vc_column width=\u00a0\u00bb1\/2&Prime;][vc_gallery interval=\u00a0\u00bb3&Prime; images=\u00a0\u00bb600,847,798&Prime; img_size=\u00a0\u00bbfull\u00a0\u00bb][\/vc_column][\/vc_row][vc_row css_animation=\u00a0\u00bb\u00a0\u00bb row_type=\u00a0\u00bbrow\u00a0\u00bb use_row_as_full_screen_section=\u00a0\u00bbno\u00a0\u00bb type=\u00a0\u00bbgrid\u00a0\u00bb angled_section=\u00a0\u00bbno\u00a0\u00bb text_align=\u00a0\u00bbleft\u00a0\u00bb background_image_as_pattern=\u00a0\u00bbwithout_pattern\u00a0\u00bb z_index=\u00a0\u00bb\u00a0\u00bb][vc_column width=\u00a0\u00bb1\/2&Prime;][vc_gallery interval=\u00a0\u00bb3&Prime; images=\u00a0\u00bb837,838,839&Prime; img_size=\u00a0\u00bbfull\u00a0\u00bb][\/vc_column][vc_column width=\u00a0\u00bb1\/2&Prime;][vc_column_text]<\/p>\n<p style=\"text-align: left;\">En 2018, un <strong>nouvel entrep\u00f4t <\/strong>d\u2019une surface<strong> de 3 000 m<sup>2<\/sup><\/strong> a \u00e9t\u00e9 construit, avec une capacit\u00e9 de stockage de plus de 4 000 palettes. Il est \u00e9quip\u00e9 d&rsquo;un syst\u00e8me de <strong>contr\u00f4le de la temp\u00e9rature<\/strong> efficace et moderne qui lui permet de garantir un environnement id\u00e9al pour le stockage des produits.<br \/>\nUn autre entrep\u00f4t de la m\u00eame taille a \u00e9t\u00e9 ouvert en 2022.<\/p>\n<p>[\/vc_column_text][\/vc_column][\/vc_row][vc_row css_animation=\u00a0\u00bb\u00a0\u00bb row_type=\u00a0\u00bbrow\u00a0\u00bb use_row_as_full_screen_section=\u00a0\u00bbno\u00a0\u00bb type=\u00a0\u00bbgrid\u00a0\u00bb angled_section=\u00a0\u00bbno\u00a0\u00bb text_align=\u00a0\u00bbleft\u00a0\u00bb background_image_as_pattern=\u00a0\u00bbwithout_pattern\u00a0\u00bb padding_top=\u00a0\u00bb5&Prime; z_index=\u00a0\u00bb\u00a0\u00bb][vc_column][vc_column_text]<a id=\"certifications\" name=\"certifications\"><\/a>[\/vc_column_text][vc_text_separator title=\u00a0\u00bbCERTIFICATIONS\u00a0\u00bb i_icon_material=\u00a0\u00bbvc-material vc-material-check_box\u00a0\u00bb border=\u00a0\u00bbno\u00a0\u00bb title_color=\u00a0\u00bb#000000&Prime; background_color=\u00a0\u00bb#ffffff\u00a0\u00bb][vc_empty_space height=\u00a0\u00bb20px\u00a0\u00bb][vc_column_text]L&rsquo;engagement de Perlino en mati\u00e8re de qualit\u00e9 se traduit, depuis de nombreuses ann\u00e9es d\u00e9j\u00e0, par l&rsquo;obtention de certifications prestigieuses d\u00e9livr\u00e9es par des organismes agr\u00e9\u00e9s, telles que <strong>IFS, BRC.\u00a0<\/strong><span lang=\"FR\">Le portfolio est enrichi par la certification BIOLOGIQUE.<\/span>[\/vc_column_text][\/vc_column][\/vc_row][vc_row css_animation=\u00a0\u00bb\u00a0\u00bb row_type=\u00a0\u00bbrow\u00a0\u00bb use_row_as_full_screen_section=\u00a0\u00bbno\u00a0\u00bb type=\u00a0\u00bbgrid\u00a0\u00bb angled_section=\u00a0\u00bbno\u00a0\u00bb text_align=\u00a0\u00bbcenter\u00a0\u00bb background_image_as_pattern=\u00a0\u00bbwithout_pattern\u00a0\u00bb z_index=\u00a0\u00bb\u00a0\u00bb css=\u00a0\u00bb.vc_custom_1603353103161{margin-top: 20px !important;padding-top: 20px !important;}\u00a0\u00bb][vc_column width=\u00a0\u00bb1\/4&Prime;][vc_single_image image=\u00a0\u00bb2728&Prime; img_size=\u00a0\u00bb180&#215;145&Prime; alignment=\u00a0\u00bbcenter\u00a0\u00bb onclick=\u00a0\u00bbcustom_link\u00a0\u00bb img_link_target=\u00a0\u00bb_blank\u00a0\u00bb qode_css_animation=\u00a0\u00bb\u00a0\u00bb el_id=\u00a0\u00bbhttps:\/\/www.perlino.com\/wp-content\/uploads\/2026\/01\/BRC_exp-05.04.26.pdf\u00a0\u00bb link=\u00a0\u00bbhttps:\/\/www.perlino.com\/wp-content\/uploads\/2026\/01\/BRC_exp-05.04.26.pdf\u00a0\u00bb][\/vc_column][vc_column width=\u00a0\u00bb1\/4&Prime;][vc_single_image image=\u00a0\u00bb504&Prime; img_size=\u00a0\u00bb180&#215;145&Prime; alignment=\u00a0\u00bbcenter\u00a0\u00bb onclick=\u00a0\u00bbcustom_link\u00a0\u00bb img_link_target=\u00a0\u00bb_blank\u00a0\u00bb qode_css_animation=\u00a0\u00bb\u00a0\u00bb link=\u00a0\u00bbhttps:\/\/www.perlino.com\/wp-content\/uploads\/2026\/01\/IFS_exp-20.04.26.pdf\u00a0\u00bb][\/vc_column][vc_column width=\u00a0\u00bb1\/4&Prime;][vc_single_image image=\u00a0\u00bb2420&Prime; img_size=\u00a0\u00bb180&#215;145&Prime; alignment=\u00a0\u00bbcenter\u00a0\u00bb onclick=\u00a0\u00bbcustom_link\u00a0\u00bb img_link_target=\u00a0\u00bb_blank\u00a0\u00bb qode_css_animation=\u00a0\u00bb\u00a0\u00bb link=\u00a0\u00bbhttps:\/\/www.perlino.com\/wp-content\/uploads\/2026\/01\/25_PERLINO-BIO_exp-2028.pdf\u00a0\u00bb][\/vc_column][\/vc_row][vc_row css_animation=\u00a0\u00bb\u00a0\u00bb row_type=\u00a0\u00bbrow\u00a0\u00bb use_row_as_full_screen_section=\u00a0\u00bbno\u00a0\u00bb type=\u00a0\u00bbgrid\u00a0\u00bb angled_section=\u00a0\u00bbno\u00a0\u00bb text_align=\u00a0\u00bbcenter\u00a0\u00bb background_image_as_pattern=\u00a0\u00bbwithout_pattern\u00a0\u00bb padding_top=\u00a0\u00bb55&Prime; padding_bottom=\u00a0\u00bb55&Prime; z_index=\u00a0\u00bb\u00a0\u00bb][vc_column][vc_column_text]<\/p>\n<p style=\"text-align: left;\">En outre, l\u2019adoption d&rsquo;un <a href=\"https:\/\/www.perlino.com\/wp-content\/uploads\/2023\/03\/Codice-Etico-Perlino-Rev.-1-08.03.2023.pdf\" target=\"_blank\" rel=\"noopener\"><strong><u>code d&rsquo;\u00e9thique d&rsquo;entreprise<\/u><\/strong><\/a> et d&rsquo;une <strong><a href=\"https:\/\/www.perlino.com\/wp-content\/uploads\/2023\/03\/Politica-della-qualita.pdf\" target=\"_blank\" rel=\"noopener\"><u>politique qualit\u00e9<\/u><\/a>\u00a0<\/strong>permet de r\u00e9pondre parfaitement aux codes de conduite exig\u00e9s par nos clients.<\/p>\n<p>[\/vc_column_text][\/vc_column][\/vc_row]<\/p>\n","protected":false},"excerpt":{"rendered":"<p>[vc_row css_animation=\u00a0\u00bb\u00a0\u00bb row_type=\u00a0\u00bbrow\u00a0\u00bb use_row_as_full_screen_section=\u00a0\u00bbno\u00a0\u00bb type=\u00a0\u00bbgrid\u00a0\u00bb angled_section=\u00a0\u00bbno\u00a0\u00bb text_align=\u00a0\u00bbleft\u00a0\u00bb background_image_as_pattern=\u00a0\u00bbwithout_pattern\u00a0\u00bb padding_top=\u00a0\u00bb55&Prime; z_index=\u00a0\u00bb\u00a0\u00bb][vc_column width=\u00a0\u00bb1\/2&Prime;][vc_column_text] Le site historique a r\u00e9cemment fait l&rsquo;objet d&rsquo;importantes r\u00e9novations. Actuellement, le site de production dispose de trois lignes d&#8217;embouteillage : une ligne d\u00e9di\u00e9e \u00e0 la production de Vermouths, Cr\u00e8mes et Vins Aromatis\u00e9s, une ligne&#8230;<\/p>\n","protected":false},"author":1,"featured_media":0,"parent":0,"menu_order":0,"comment_status":"closed","ping_status":"closed","template":"","meta":[],"_links":{"self":[{"href":"https:\/\/www.perlino.com\/fr\/wp-json\/wp\/v2\/pages\/1378\/"}],"collection":[{"href":"https:\/\/www.perlino.com\/fr\/wp-json\/wp\/v2\/pages\/"}],"about":[{"href":"https:\/\/www.perlino.com\/fr\/wp-json\/wp\/v2\/types\/page\/"}],"author":[{"embeddable":true,"href":"https:\/\/www.perlino.com\/fr\/wp-json\/wp\/v2\/users\/1\/"}],"replies":[{"embeddable":true,"href":"https:\/\/www.perlino.com\/fr\/wp-json\/wp\/v2\/comments\/?post=1378"}],"version-history":[{"count":24,"href":"https:\/\/www.perlino.com\/fr\/wp-json\/wp\/v2\/pages\/1378\/revisions\/"}],"predecessor-version":[{"id":3130,"href":"https:\/\/www.perlino.com\/fr\/wp-json\/wp\/v2\/pages\/1378\/revisions\/3130\/"}],"wp:attachment":[{"href":"https:\/\/www.perlino.com\/fr\/wp-json\/wp\/v2\/media\/?parent=1378"}],"curies":[{"name":"wp","href":"https:\/\/api.w.org\/{rel}","templated":true}]}}