{"id":1363,"date":"2018-11-21T08:44:51","date_gmt":"2018-11-21T08:44:51","guid":{"rendered":"https:\/\/www.perlino.com\/home\/"},"modified":"2024-02-09T11:10:15","modified_gmt":"2024-02-09T11:10:15","slug":"home","status":"publish","type":"page","link":"https:\/\/www.perlino.com\/fr\/","title":{"rendered":"Home"},"content":{"rendered":"<p>[vc_row css_animation=\u00a0\u00bb\u00a0\u00bb row_type=\u00a0\u00bbrow\u00a0\u00bb use_row_as_full_screen_section=\u00a0\u00bbno\u00a0\u00bb type=\u00a0\u00bbfull_width\u00a0\u00bb angled_section=\u00a0\u00bbno\u00a0\u00bb text_align=\u00a0\u00bbleft\u00a0\u00bb background_image_as_pattern=\u00a0\u00bbwithout_pattern\u00a0\u00bb padding_top=\u00a0\u00bb0&Prime; padding_bottom=\u00a0\u00bb0&Prime; z_index=\u00a0\u00bb\u00a0\u00bb][vc_column][rev_slider_vc alias=\u00a0\u00bbhomefra22&Prime;][\/vc_column][\/vc_row][vc_row css_animation=\u00a0\u00bb\u00a0\u00bb row_type=\u00a0\u00bbrow\u00a0\u00bb use_row_as_full_screen_section=\u00a0\u00bbno\u00a0\u00bb type=\u00a0\u00bbgrid\u00a0\u00bb angled_section=\u00a0\u00bbno\u00a0\u00bb text_align=\u00a0\u00bbcenter\u00a0\u00bb background_image_as_pattern=\u00a0\u00bbwithout_pattern\u00a0\u00bb padding_top=\u00a0\u00bb55&Prime; padding_bottom=\u00a0\u00bb55&Prime; z_index=\u00a0\u00bb\u00a0\u00bb][vc_column width=\u00a0\u00bb1\/2&Prime;][vc_hoverbox image=\u00a0\u00bb643&Prime; primary_title=\u00a0\u00bbVin mousseux\u00a0\u00bb primary_title_font_container=\u00a0\u00bbfont_size:24|color:%23ffffff|line_height:24&Prime; hover_title=\u00a0\u00bbVin mousseux\u00a0\u00bb hover_title_font_container=\u00a0\u00bbfont_size:24|line_height:22&Prime; hover_title_css_animation=\u00a0\u00bbfadeIn\u00a0\u00bb hover_title_link=\u00a0\u00bburl:https%3A%2F%2Fwww.web-media.it%2Fperlino%2Fspumanti%2F|||\u00a0\u00bb primary_title_link=\u00a0\u00bburl:%23|||\u00a0\u00bb]<\/p>\n<p style=\"text-align: center;\"><a href=\"https:\/\/www.perlino.com\/fr\/spumanti\/\"><img loading=\"lazy\" class=\"alignnone wp-image-2458\" src=\"https:\/\/www.perlino.com\/wp-content\/uploads\/2023\/01\/sotto.png\" alt=\"\" width=\"450\" height=\"201\" \/><\/a><\/p>\n<p>[\/vc_hoverbox][vc_empty_space height=\u00a0\u00bb15px\u00a0\u00bb][\/vc_column][vc_column width=\u00a0\u00bb1\/2&Prime;][vc_hoverbox image=\u00a0\u00bb2865&Prime; primary_title=\u00a0\u00bbVermouth\u00a0\u00bb primary_title_font_container=\u00a0\u00bbfont_size:24|color:%23ffffff|line_height:24&Prime; hover_title=\u00a0\u00bbVermouth\u00a0\u00bb hover_title_font_container=\u00a0\u00bbfont_size:24|line_height:22&Prime; hover_title_css_animation=\u00a0\u00bbfadeIn\u00a0\u00bb hover_title_link=\u00a0\u00bburl:https%3A%2F%2Fwww.web-media.it%2Fperlino%2Feverything-about-us-2%2F|title:aaa||\u00a0\u00bb primary_title_link=\u00a0\u00bburl:%23|||\u00a0\u00bb]<\/p>\n<p style=\"text-align: center;\"><a href=\"https:\/\/www.perlino.com\/fr\/vermouth\/\"><img loading=\"lazy\" class=\"alignnone wp-image-2454\" src=\"https:\/\/www.perlino.com\/wp-content\/uploads\/2020\/10\/vermouth-1-300x134.png\" alt=\"\" width=\"450\" height=\"201\" srcset=\"https:\/\/www.perlino.com\/wp-content\/uploads\/2020\/10\/vermouth-1-300x134.png 300w, https:\/\/www.perlino.com\/wp-content\/uploads\/2020\/10\/vermouth-1.png 457w\" sizes=\"(max-width: 450px) 100vw, 450px\" \/><\/a><\/p>\n<p>[\/vc_hoverbox][vc_empty_space height=\u00a0\u00bb15px\u00a0\u00bb][\/vc_column][\/vc_row][vc_row css_animation=\u00a0\u00bb\u00a0\u00bb row_type=\u00a0\u00bbrow\u00a0\u00bb use_row_as_full_screen_section=\u00a0\u00bbno\u00a0\u00bb type=\u00a0\u00bbgrid\u00a0\u00bb angled_section=\u00a0\u00bbno\u00a0\u00bb text_align=\u00a0\u00bbleft\u00a0\u00bb background_image_as_pattern=\u00a0\u00bbwithout_pattern\u00a0\u00bb bg_type=\u00a0\u00bbimage\u00a0\u00bb parallax_style=\u00a0\u00bbvcpb-default\u00a0\u00bb bg_image_new=\u00a0\u00bbid^563|url^https:\/\/www.perlino.com\/wp-content\/uploads\/2018\/07\/centro.jpg|caption^null|alt^null|title^centro|description^null\u00a0\u00bb z_index=\u00a0\u00bb\u00a0\u00bb][vc_column width=\u00a0\u00bb1\/2&Prime;][vc_column_text]<iframe loading=\"lazy\" title=\"YouTube video player\" src=\"https:\/\/www.youtube.com\/embed\/BPHG-6yu4DA?si=nggYAFtU8r8JTtOb\" width=\"560\" height=\"315\" frameborder=\"0\" allowfullscreen=\"allowfullscreen\"><\/iframe>[\/vc_column_text][\/vc_column][vc_column width=\u00a0\u00bb1\/2&Prime;][vc_column_text]<\/p>\n<h2>News<\/h2>\n<p>[\/vc_column_text][vc_empty_space]\n<div class='latest_post_holder image_in_box  ' >\n    <ul>\n    \n        <li class=\"clearfix\">\n            <div class=\"latest_post\"  >\n                <div class=\"latest_post_image clearfix\">\n                    <a itemprop=\"url\" href=\"https:\/\/www.perlino.com\/fr\/3056\/\">\n                                                <img itemprop=\"image\" src=\"https:\/\/www.perlino.com\/wp-content\/uploads\/2024\/02\/Perlino-040923-4153-150x150.jpg\" alt=\"\" \/>\n                    <\/a>\n                <\/div>\n\n\n                <div class=\"latest_post_text\">\n                    <div class=\"latest_post_inner\">\n                        <div class=\"latest_post_text_inner\">\n                            <h3 itemprop=\"name\" class=\"latest_post_title entry_title\"><a itemprop=\"url\" href=\"https:\/\/www.perlino.com\/fr\/3056\/\">DEUXIEME CORPORATE EVENT<\/a><\/h3>\n                            <p itemprop=\"description\" class=\"excerpt\">L&rsquo;\u00c9V\u00c9NEMENT CORPORATE PERLINO AVEC DES CLIENTS DE 4 CONTINENTS A \u00c9T\u00c9 UN SUCC\u00c8S ; LA DEUXI\u00c8ME \u00c9...<\/p>\n                            <span class=\"post_infos\">\n                                \n                                \n                                \n                                \n                                                            <\/span>\n                        <\/div>\n                    <\/div>\n                <\/div>\n            <\/div>\n        <\/li>\n        \n        <li class=\"clearfix\">\n            <div class=\"latest_post\"  >\n                <div class=\"latest_post_image clearfix\">\n                    <a itemprop=\"url\" href=\"https:\/\/www.perlino.com\/fr\/prochains-evenements\/\">\n                                                <img itemprop=\"image\" src=\"https:\/\/www.perlino.com\/wp-content\/uploads\/2023\/01\/next-150x150.jpg\" alt=\"\" \/>\n                    <\/a>\n                <\/div>\n\n\n                <div class=\"latest_post_text\">\n                    <div class=\"latest_post_inner\">\n                        <div class=\"latest_post_text_inner\">\n                            <h3 itemprop=\"name\" class=\"latest_post_title entry_title\"><a itemprop=\"url\" href=\"https:\/\/www.perlino.com\/fr\/prochains-evenements\/\">PROCHAINS \u00c9V\u00c9NEMENTS<\/a><\/h3>\n                            <p itemprop=\"description\" class=\"excerpt\">PROCHAINS \u00c9V\u00c9NEMENTS O\u00d9 VOUS POURREZ D\u00c9GUSTER LE CORSIERI DEL PALIO : WINE PARIS, PARIS \/ 13-15 F\u00c9VR...<\/p>\n                            <span class=\"post_infos\">\n                                \n                                \n                                \n                                \n                                                            <\/span>\n                        <\/div>\n                    <\/div>\n                <\/div>\n            <\/div>\n        <\/li>\n        \n    <\/ul>\n<\/div>[\/vc_column][\/vc_row][vc_row css_animation=\u00a0\u00bb\u00a0\u00bb row_type=\u00a0\u00bbrow\u00a0\u00bb use_row_as_full_screen_section=\u00a0\u00bbno\u00a0\u00bb type=\u00a0\u00bbfull_width\u00a0\u00bb angled_section=\u00a0\u00bbno\u00a0\u00bb text_align=\u00a0\u00bbleft\u00a0\u00bb background_image_as_pattern=\u00a0\u00bbwithout_pattern\u00a0\u00bb][vc_column][vc_empty_space][vc_single_image image=\u00a0\u00bb2899&Prime; img_size=\u00a0\u00bbfull\u00a0\u00bb alignment=\u00a0\u00bbcenter\u00a0\u00bb qode_css_animation=\u00a0\u00bb\u00a0\u00bb][\/vc_column][\/vc_row]<\/p>\n","protected":false},"excerpt":{"rendered":"<p>[vc_row css_animation=\u00a0\u00bb\u00a0\u00bb row_type=\u00a0\u00bbrow\u00a0\u00bb use_row_as_full_screen_section=\u00a0\u00bbno\u00a0\u00bb type=\u00a0\u00bbfull_width\u00a0\u00bb angled_section=\u00a0\u00bbno\u00a0\u00bb text_align=\u00a0\u00bbleft\u00a0\u00bb background_image_as_pattern=\u00a0\u00bbwithout_pattern\u00a0\u00bb padding_top=\u00a0\u00bb0&Prime; padding_bottom=\u00a0\u00bb0&Prime; z_index=\u00a0\u00bb\u00a0\u00bb][vc_column][rev_slider_vc alias=\u00a0\u00bbhomefra22&Prime;][\/vc_column][\/vc_row][vc_row css_animation=\u00a0\u00bb\u00a0\u00bb row_type=\u00a0\u00bbrow\u00a0\u00bb use_row_as_full_screen_section=\u00a0\u00bbno\u00a0\u00bb type=\u00a0\u00bbgrid\u00a0\u00bb angled_section=\u00a0\u00bbno\u00a0\u00bb text_align=\u00a0\u00bbcenter\u00a0\u00bb background_image_as_pattern=\u00a0\u00bbwithout_pattern\u00a0\u00bb padding_top=\u00a0\u00bb55&Prime; padding_bottom=\u00a0\u00bb55&Prime; z_index=\u00a0\u00bb\u00a0\u00bb][vc_column width=\u00a0\u00bb1\/2&Prime;][vc_hoverbox image=\u00a0\u00bb643&Prime; primary_title=\u00a0\u00bbVin mousseux\u00a0\u00bb primary_title_font_container=\u00a0\u00bbfont_size:24|color:%23ffffff|line_height:24&Prime; hover_title=\u00a0\u00bbVin mousseux\u00a0\u00bb hover_title_font_container=\u00a0\u00bbfont_size:24|line_height:22&Prime; hover_title_css_animation=\u00a0\u00bbfadeIn\u00a0\u00bb hover_title_link=\u00a0\u00bburl:https%3A%2F%2Fwww.web-media.it%2Fperlino%2Fspumanti%2F|||\u00a0\u00bb primary_title_link=\u00a0\u00bburl:%23|||\u00a0\u00bb] [\/vc_hoverbox][vc_empty_space height=\u00a0\u00bb15px\u00a0\u00bb][\/vc_column][vc_column width=\u00a0\u00bb1\/2&Prime;][vc_hoverbox image=\u00a0\u00bb2865&Prime; primary_title=\u00a0\u00bbVermouth\u00a0\u00bb primary_title_font_container=\u00a0\u00bbfont_size:24|color:%23ffffff|line_height:24&Prime; hover_title=\u00a0\u00bbVermouth\u00a0\u00bb hover_title_font_container=\u00a0\u00bbfont_size:24|line_height:22&Prime; hover_title_css_animation=\u00a0\u00bbfadeIn\u00a0\u00bb hover_title_link=\u00a0\u00bburl:https%3A%2F%2Fwww.web-media.it%2Fperlino%2Feverything-about-us-2%2F|title:aaa||\u00a0\u00bb primary_title_link=\u00a0\u00bburl:%23|||\u00a0\u00bb] [\/vc_hoverbox][vc_empty_space&#8230;<\/p>\n","protected":false},"author":1,"featured_media":0,"parent":0,"menu_order":0,"comment_status":"closed","ping_status":"closed","template":"full_width.php","meta":[],"_links":{"self":[{"href":"https:\/\/www.perlino.com\/fr\/wp-json\/wp\/v2\/pages\/1363\/"}],"collection":[{"href":"https:\/\/www.perlino.com\/fr\/wp-json\/wp\/v2\/pages\/"}],"about":[{"href":"https:\/\/www.perlino.com\/fr\/wp-json\/wp\/v2\/types\/page\/"}],"author":[{"embeddable":true,"href":"https:\/\/www.perlino.com\/fr\/wp-json\/wp\/v2\/users\/1\/"}],"replies":[{"embeddable":true,"href":"https:\/\/www.perlino.com\/fr\/wp-json\/wp\/v2\/comments\/?post=1363"}],"version-history":[{"count":20,"href":"https:\/\/www.perlino.com\/fr\/wp-json\/wp\/v2\/pages\/1363\/revisions\/"}],"predecessor-version":[{"id":3067,"href":"https:\/\/www.perlino.com\/fr\/wp-json\/wp\/v2\/pages\/1363\/revisions\/3067\/"}],"wp:attachment":[{"href":"https:\/\/www.perlino.com\/fr\/wp-json\/wp\/v2\/media\/?parent=1363"}],"curies":[{"name":"wp","href":"https:\/\/api.w.org\/{rel}","templated":true}]}}