{"id":1047,"date":"2018-11-21T09:16:45","date_gmt":"2018-11-21T09:16:45","guid":{"rendered":"https:\/\/www.perlino.com\/?page_id=1047"},"modified":"2023-01-27T14:19:24","modified_gmt":"2023-01-27T14:19:24","slug":"vermuts","status":"publish","type":"page","link":"https:\/\/www.perlino.com\/es\/vermuts\/","title":{"rendered":"Vermuts"},"content":{"rendered":"<p>[vc_row css_animation=\u00bb\u00bb row_type=\u00bbrow\u00bb use_row_as_full_screen_section=\u00bbno\u00bb type=\u00bbgrid\u00bb angled_section=\u00bbno\u00bb text_align=\u00bbcenter\u00bb background_image_as_pattern=\u00bbwithout_pattern\u00bb padding_top=\u00bb55&#8243; padding_bottom=\u00bb55&#8243; z_index=\u00bb\u00bb][vc_column]<div class='projects_holder_outer v6 portfolio_with_space portfolio_with_hover_text'><div class='projects_holder portfolio_main_holder clearfix v6 hover_text portfolio_full_image diagonal_fade'>\n<article class='mix portfolio_category_61 ' style=''><div class=\"item_holder image_text_zoom_hover\"><div class=\"text_holder\"><div class=\"text_holder_outer\"><div class=\"text_holder_inner\"><h3 itemprop=\"name\" class=\"portfolio_title entry_title\"><a itemprop=\"url\" href=\"https:\/\/www.perlino.com\/es\/prodotti\/vermouth-extra-dry\/\" >Vermouth Extra Dry<\/a><\/h3><div  class=\"portfolio_separator separator  small center\"><\/div><span class=\"project_category\" >Vermuts<\/span><div class=\"icons_holder\"><\/div><\/div><\/div><\/div><div  class=\"portfolio_shader\"><\/div><div class=\"image_holder\"><span class=\"image\"><img width=\"292\" height=\"984\" src=\"https:\/\/www.perlino.com\/wp-content\/uploads\/2018\/07\/Perlino_Vth_RicStorica_EXTRADRY-e1592839643432.jpg\" class=\"attachment-full size-full wp-post-image\" alt=\"\" loading=\"lazy\" srcset=\"https:\/\/www.perlino.com\/wp-content\/uploads\/2018\/07\/Perlino_Vth_RicStorica_EXTRADRY-e1592839643432.jpg 292w, https:\/\/www.perlino.com\/wp-content\/uploads\/2018\/07\/Perlino_Vth_RicStorica_EXTRADRY-e1592839643432-89x300.jpg 89w\" sizes=\"(max-width: 292px) 100vw, 292px\" \/><\/span><\/div><\/div><\/article>\n<article class='mix portfolio_category_61 ' style=''><div class=\"item_holder image_text_zoom_hover\"><div class=\"text_holder\"><div class=\"text_holder_outer\"><div class=\"text_holder_inner\"><h3 itemprop=\"name\" class=\"portfolio_title entry_title\"><a itemprop=\"url\" href=\"https:\/\/www.perlino.com\/es\/prodotti\/vermouth-rosso\/\" >Vermouth Rosso<\/a><\/h3><div  class=\"portfolio_separator separator  small center\"><\/div><span class=\"project_category\" >Vermuts<\/span><div class=\"icons_holder\"><\/div><\/div><\/div><\/div><div  class=\"portfolio_shader\"><\/div><div class=\"image_holder\"><span class=\"image\"><img width=\"292\" height=\"984\" src=\"https:\/\/www.perlino.com\/wp-content\/uploads\/2018\/07\/Perlino_Vth_Rosso_RicettaStorica-e1592839704406.jpg\" class=\"attachment-full size-full wp-post-image\" alt=\"\" loading=\"lazy\" srcset=\"https:\/\/www.perlino.com\/wp-content\/uploads\/2018\/07\/Perlino_Vth_Rosso_RicettaStorica-e1592839704406.jpg 292w, https:\/\/www.perlino.com\/wp-content\/uploads\/2018\/07\/Perlino_Vth_Rosso_RicettaStorica-e1592839704406-89x300.jpg 89w\" sizes=\"(max-width: 292px) 100vw, 292px\" \/><\/span><\/div><\/div><\/article>\n<article class='mix portfolio_category_61 ' style=''><div class=\"item_holder image_text_zoom_hover\"><div class=\"text_holder\"><div class=\"text_holder_outer\"><div class=\"text_holder_inner\"><h3 itemprop=\"name\" class=\"portfolio_title entry_title\"><a itemprop=\"url\" href=\"https:\/\/www.perlino.com\/es\/prodotti\/vermouth-bianco\/\" >Vermouth Bianco<\/a><\/h3><div  class=\"portfolio_separator separator  small center\"><\/div><span class=\"project_category\" >Vermuts<\/span><div class=\"icons_holder\"><\/div><\/div><\/div><\/div><div  class=\"portfolio_shader\"><\/div><div class=\"image_holder\"><span class=\"image\"><img width=\"292\" height=\"984\" src=\"https:\/\/www.perlino.com\/wp-content\/uploads\/2018\/07\/Perlino_Vth_Bianco_RicettaStorica-e1592840117816.jpg\" class=\"attachment-full size-full wp-post-image\" alt=\"\" loading=\"lazy\" srcset=\"https:\/\/www.perlino.com\/wp-content\/uploads\/2018\/07\/Perlino_Vth_Bianco_RicettaStorica-e1592840117816.jpg 292w, https:\/\/www.perlino.com\/wp-content\/uploads\/2018\/07\/Perlino_Vth_Bianco_RicettaStorica-e1592840117816-89x300.jpg 89w\" sizes=\"(max-width: 292px) 100vw, 292px\" \/><\/span><\/div><\/div><\/article>\n<div class='filler'><\/div>\n<div class='filler'><\/div>\n<div class='filler'><\/div>\n<div class='filler'><\/div>\n<div class='filler'><\/div>\n<div class='filler'><\/div>\n<\/div><\/div>[vc_column_text]<strong>Los vermuts Perlino<\/strong> son vinos aromatizados producidos seg\u00fan <strong>la antigua receta piamontesa<\/strong>. Vino, az\u00facar y alcohol de primera calidad se mezclan con extractos y plantas arom\u00e1ticas que se dejan en infusi\u00f3n por varios d\u00edas. Esto permite obtener un producto cuyo sabor posee el <strong>equilibrio perfecto<\/strong> entre dulce y amargo, delicado y arom\u00e1tico y con <strong>personalidad definida<\/strong>.\u00a0 Los vermuts Perlino pueden apreciarse solos, con hielo y como base para preparar numerosos c\u00f3cteles y aperitivos.[\/vc_column_text][vc_empty_space]<div class=\" ubtn-ctn-center \"><a class=\"ubtn-link ult-adjust-bottom-margin ubtn-center ubtn-large \"   href = \"https:\/\/www.perlino.com\/wp-content\/uploads\/2023\/01\/A4-Cat-Perlino-.pdf\" target='_blank'><button type=\"button\" id=\"ubtn-4096\" class=\"ubtn ult-adjust-bottom-margin ult-responsive ubtn-large ubtn-fade-bg  none  ubtn-center   tooltip-69e30c5450b93\"  data-hover=\"\" data-border-color=\"\" data-bg=\"#e0e0e0\" data-hover-bg=\"#bababa\" data-border-hover=\"\" data-shadow-hover=\"\" data-shadow-click=\"none\" data-shadow=\"\" data-shd-shadow=\"\"  data-ultimate-target='#ubtn-4096'  data-responsive-json-new='{\"font-size\":\"\",\"line-height\":\"\"}'  style=\"font-weight:normal;border:none;background: #e0e0e0;color: #000000;\"><span class=\"ubtn-hover\" style=\"background-color:#bababa\"><\/span><span class=\"ubtn-data ubtn-text \" >CAT\u00c1LOGO COMPLETO<\/span><\/button><\/a><\/div>[\/vc_column][\/vc_row]<\/p>\n","protected":false},"excerpt":{"rendered":"<p>[vc_row css_animation=\u00bb\u00bb row_type=\u00bbrow\u00bb use_row_as_full_screen_section=\u00bbno\u00bb type=\u00bbgrid\u00bb angled_section=\u00bbno\u00bb text_align=\u00bbcenter\u00bb background_image_as_pattern=\u00bbwithout_pattern\u00bb padding_top=\u00bb55&#8243; padding_bottom=\u00bb55&#8243; z_index=\u00bb\u00bb][vc_column][vc_column_text]Los vermuts Perlino son vinos aromatizados producidos seg\u00fan la antigua receta piamontesa. Vino, az\u00facar y alcohol de primera calidad se mezclan con extractos y plantas arom\u00e1ticas que se dejan en infusi\u00f3n por varios d\u00edas. Esto&#8230;<\/p>\n","protected":false},"author":1,"featured_media":0,"parent":0,"menu_order":0,"comment_status":"closed","ping_status":"closed","template":"full_width.php","meta":[],"_links":{"self":[{"href":"https:\/\/www.perlino.com\/es\/wp-json\/wp\/v2\/pages\/1047\/"}],"collection":[{"href":"https:\/\/www.perlino.com\/es\/wp-json\/wp\/v2\/pages\/"}],"about":[{"href":"https:\/\/www.perlino.com\/es\/wp-json\/wp\/v2\/types\/page\/"}],"author":[{"embeddable":true,"href":"https:\/\/www.perlino.com\/es\/wp-json\/wp\/v2\/users\/1\/"}],"replies":[{"embeddable":true,"href":"https:\/\/www.perlino.com\/es\/wp-json\/wp\/v2\/comments\/?post=1047"}],"version-history":[{"count":5,"href":"https:\/\/www.perlino.com\/es\/wp-json\/wp\/v2\/pages\/1047\/revisions\/"}],"predecessor-version":[{"id":2924,"href":"https:\/\/www.perlino.com\/es\/wp-json\/wp\/v2\/pages\/1047\/revisions\/2924\/"}],"wp:attachment":[{"href":"https:\/\/www.perlino.com\/es\/wp-json\/wp\/v2\/media\/?parent=1047"}],"curies":[{"name":"wp","href":"https:\/\/api.w.org\/{rel}","templated":true}]}}