{"id":1042,"date":"2018-08-09T10:07:33","date_gmt":"2018-08-09T10:07:33","guid":{"rendered":"https:\/\/www.perlino.com\/spumanti\/"},"modified":"2023-01-03T23:09:01","modified_gmt":"2023-01-03T23:09:01","slug":"espumosos","status":"publish","type":"page","link":"https:\/\/www.perlino.com\/es\/espumosos\/","title":{"rendered":"Espumosos"},"content":{"rendered":"<p>[vc_row css_animation=\u00bb\u00bb row_type=\u00bbrow\u00bb use_row_as_full_screen_section=\u00bbno\u00bb type=\u00bbgrid\u00bb angled_section=\u00bbno\u00bb text_align=\u00bbcenter\u00bb background_image_as_pattern=\u00bbwithout_pattern\u00bb padding_top=\u00bb55&#8243; padding_bottom=\u00bb55&#8243; z_index=\u00bb\u00bb][vc_column]<div class='projects_holder_outer v5 portfolio_with_space portfolio_with_hover_text'><div class='projects_holder portfolio_main_holder clearfix v5 hover_text portfolio_full_image diagonal_fade'>\n<article class='mix portfolio_category_60 ' style=''><div class=\"item_holder image_text_zoom_hover\"><div class=\"text_holder\"><div class=\"text_holder_outer\"><div class=\"text_holder_inner\"><h3 itemprop=\"name\" class=\"portfolio_title entry_title\"><a itemprop=\"url\" href=\"https:\/\/www.perlino.com\/es\/prodotti\/asti-dolce-docg\/\" >Asti Dolce D.O.C.G.<\/a><\/h3><div  class=\"portfolio_separator separator  small center\"><\/div><span class=\"project_category\" >Espumosos<\/span><div class=\"icons_holder\"><\/div><\/div><\/div><\/div><div  class=\"portfolio_shader\"><\/div><div class=\"image_holder\"><span class=\"image\"><img width=\"208\" height=\"700\" src=\"https:\/\/www.perlino.com\/wp-content\/uploads\/2018\/08\/asti2.jpg\" class=\"attachment-full size-full wp-post-image\" alt=\"\" loading=\"lazy\" srcset=\"https:\/\/www.perlino.com\/wp-content\/uploads\/2018\/08\/asti2.jpg 208w, https:\/\/www.perlino.com\/wp-content\/uploads\/2018\/08\/asti2-89x300.jpg 89w\" sizes=\"(max-width: 208px) 100vw, 208px\" \/><\/span><\/div><\/div><\/article>\n<article class='mix portfolio_category_60 ' style=''><div class=\"item_holder image_text_zoom_hover\"><div class=\"text_holder\"><div class=\"text_holder_outer\"><div class=\"text_holder_inner\"><h3 itemprop=\"name\" class=\"portfolio_title entry_title\"><a itemprop=\"url\" href=\"https:\/\/www.perlino.com\/es\/prodotti\/prosecco-doc-extradry\/\" >Prosecco D.O.C. Extradry 750 ml<\/a><\/h3><div  class=\"portfolio_separator separator  small center\"><\/div><span class=\"project_category\" >Espumosos<\/span><div class=\"icons_holder\"><\/div><\/div><\/div><\/div><div  class=\"portfolio_shader\"><\/div><div class=\"image_holder\"><span class=\"image\"><img width=\"208\" height=\"700\" src=\"https:\/\/www.perlino.com\/wp-content\/uploads\/2018\/08\/prosecco24.jpg\" class=\"attachment-full size-full wp-post-image\" alt=\"\" loading=\"lazy\" srcset=\"https:\/\/www.perlino.com\/wp-content\/uploads\/2018\/08\/prosecco24.jpg 208w, https:\/\/www.perlino.com\/wp-content\/uploads\/2018\/08\/prosecco24-89x300.jpg 89w\" sizes=\"(max-width: 208px) 100vw, 208px\" \/><\/span><\/div><\/div><\/article>\n<article class='mix portfolio_category_60 ' style=''><div class=\"item_holder image_text_zoom_hover\"><div class=\"text_holder\"><div class=\"text_holder_outer\"><div class=\"text_holder_inner\"><h3 itemprop=\"name\" class=\"portfolio_title entry_title\"><a itemprop=\"url\" href=\"https:\/\/www.perlino.com\/es\/prodotti\/prosecco-d-o-c-extradry-375-ml\/\" >Prosecco D.O.C. Extradry 375 ml<\/a><\/h3><div  class=\"portfolio_separator separator  small center\"><\/div><span class=\"project_category\" >Espumosos<\/span><div class=\"icons_holder\"><\/div><\/div><\/div><\/div><div  class=\"portfolio_shader\"><\/div><div class=\"image_holder\"><span class=\"image\"><img width=\"208\" height=\"700\" src=\"https:\/\/www.perlino.com\/wp-content\/uploads\/2023\/01\/prosecchino2.jpg\" class=\"attachment-full size-full wp-post-image\" alt=\"\" loading=\"lazy\" srcset=\"https:\/\/www.perlino.com\/wp-content\/uploads\/2023\/01\/prosecchino2.jpg 208w, https:\/\/www.perlino.com\/wp-content\/uploads\/2023\/01\/prosecchino2-89x300.jpg 89w\" sizes=\"(max-width: 208px) 100vw, 208px\" \/><\/span><\/div><\/div><\/article>\n<article class='mix portfolio_category_60 ' style=''><div class=\"item_holder image_text_zoom_hover\"><div class=\"text_holder\"><div class=\"text_holder_outer\"><div class=\"text_holder_inner\"><h3 itemprop=\"name\" class=\"portfolio_title entry_title\"><a itemprop=\"url\" href=\"https:\/\/www.perlino.com\/es\/prodotti\/prosecco-dop-extra-dry-bio\/\" >Prosecco Dop Extra Dry BIO<\/a><\/h3><div  class=\"portfolio_separator separator  small center\"><\/div><span class=\"project_category\" >Espumosos<\/span><div class=\"icons_holder\"><\/div><\/div><\/div><\/div><div  class=\"portfolio_shader\"><\/div><div class=\"image_holder\"><span class=\"image\"><img width=\"208\" height=\"700\" src=\"https:\/\/www.perlino.com\/wp-content\/uploads\/2020\/10\/prosecco.jpg\" class=\"attachment-full size-full wp-post-image\" alt=\"\" loading=\"lazy\" srcset=\"https:\/\/www.perlino.com\/wp-content\/uploads\/2020\/10\/prosecco.jpg 208w, https:\/\/www.perlino.com\/wp-content\/uploads\/2020\/10\/prosecco-89x300.jpg 89w\" sizes=\"(max-width: 208px) 100vw, 208px\" \/><\/span><\/div><\/div><\/article>\n<article class='mix portfolio_category_60 ' style=''><div class=\"item_holder image_text_zoom_hover\"><div class=\"text_holder\"><div class=\"text_holder_outer\"><div class=\"text_holder_inner\"><h3 itemprop=\"name\" class=\"portfolio_title entry_title\"><a itemprop=\"url\" href=\"https:\/\/www.perlino.com\/es\/prodotti\/prosecco-dop-rose-extra-dry-millesimato\/\" >Prosecco Dop Ros\u00e9 Extra Dry Millesimato<\/a><\/h3><div  class=\"portfolio_separator separator  small center\"><\/div><span class=\"project_category\" >Espumosos<\/span><div class=\"icons_holder\"><\/div><\/div><\/div><\/div><div  class=\"portfolio_shader\"><\/div><div class=\"image_holder\"><span class=\"image\"><img width=\"208\" height=\"700\" src=\"https:\/\/www.perlino.com\/wp-content\/uploads\/2020\/10\/rose-1.jpg\" class=\"attachment-full size-full wp-post-image\" alt=\"\" loading=\"lazy\" srcset=\"https:\/\/www.perlino.com\/wp-content\/uploads\/2020\/10\/rose-1.jpg 208w, https:\/\/www.perlino.com\/wp-content\/uploads\/2020\/10\/rose-1-89x300.jpg 89w\" sizes=\"(max-width: 208px) 100vw, 208px\" \/><\/span><\/div><\/div><\/article>\n<article class='mix portfolio_category_60 ' style=''><div class=\"item_holder image_text_zoom_hover\"><div class=\"text_holder\"><div class=\"text_holder_outer\"><div class=\"text_holder_inner\"><h3 itemprop=\"name\" class=\"portfolio_title entry_title\"><a itemprop=\"url\" href=\"https:\/\/www.perlino.com\/es\/prodotti\/vino-moscato-spumante\/\" >Vino Moscato Spumante<\/a><\/h3><div  class=\"portfolio_separator separator  small center\"><\/div><span class=\"project_category\" >Espumosos<\/span><div class=\"icons_holder\"><\/div><\/div><\/div><\/div><div  class=\"portfolio_shader\"><\/div><div class=\"image_holder\"><span class=\"image\"><img width=\"208\" height=\"700\" src=\"https:\/\/www.perlino.com\/wp-content\/uploads\/2018\/08\/moscatodolce.jpg\" class=\"attachment-full size-full wp-post-image\" alt=\"\" loading=\"lazy\" srcset=\"https:\/\/www.perlino.com\/wp-content\/uploads\/2018\/08\/moscatodolce.jpg 208w, https:\/\/www.perlino.com\/wp-content\/uploads\/2018\/08\/moscatodolce-89x300.jpg 89w\" sizes=\"(max-width: 208px) 100vw, 208px\" \/><\/span><\/div><\/div><\/article>\n<article class='mix portfolio_category_60 ' style=''><div class=\"item_holder image_text_zoom_hover\"><div class=\"text_holder\"><div class=\"text_holder_outer\"><div class=\"text_holder_inner\"><h3 itemprop=\"name\" class=\"portfolio_title entry_title\"><a itemprop=\"url\" href=\"https:\/\/www.perlino.com\/es\/prodotti\/moscato-vsq-rosato-dolce\/\" >Moscato VSQ Rosato Dolce<\/a><\/h3><div  class=\"portfolio_separator separator  small center\"><\/div><span class=\"project_category\" >Espumosos<\/span><div class=\"icons_holder\"><\/div><\/div><\/div><\/div><div  class=\"portfolio_shader\"><\/div><div class=\"image_holder\"><span class=\"image\"><img width=\"208\" height=\"700\" src=\"https:\/\/www.perlino.com\/wp-content\/uploads\/2020\/10\/moscato.jpg\" class=\"attachment-full size-full wp-post-image\" alt=\"\" loading=\"lazy\" srcset=\"https:\/\/www.perlino.com\/wp-content\/uploads\/2020\/10\/moscato.jpg 208w, https:\/\/www.perlino.com\/wp-content\/uploads\/2020\/10\/moscato-89x300.jpg 89w\" sizes=\"(max-width: 208px) 100vw, 208px\" \/><\/span><\/div><\/div><\/article>\n<article class='mix portfolio_category_60 ' style=''><div class=\"item_holder image_text_zoom_hover\"><div class=\"text_holder\"><div class=\"text_holder_outer\"><div class=\"text_holder_inner\"><h3 itemprop=\"name\" class=\"portfolio_title entry_title\"><a itemprop=\"url\" href=\"https:\/\/www.perlino.com\/es\/prodotti\/vino-spumante-pinot-chardonnay-brut\/\" >Vino Spumante Pinot Chardonnay Brut<\/a><\/h3><div  class=\"portfolio_separator separator  small center\"><\/div><span class=\"project_category\" >Espumosos<\/span><div class=\"icons_holder\"><\/div><\/div><\/div><\/div><div  class=\"portfolio_shader\"><\/div><div class=\"image_holder\"><span class=\"image\"><img width=\"208\" height=\"700\" src=\"https:\/\/www.perlino.com\/wp-content\/uploads\/2018\/08\/brut.jpg\" class=\"attachment-full size-full wp-post-image\" alt=\"\" loading=\"lazy\" srcset=\"https:\/\/www.perlino.com\/wp-content\/uploads\/2018\/08\/brut.jpg 208w, https:\/\/www.perlino.com\/wp-content\/uploads\/2018\/08\/brut-89x300.jpg 89w\" sizes=\"(max-width: 208px) 100vw, 208px\" \/><\/span><\/div><\/div><\/article>\n<article class='mix portfolio_category_60 ' style=''><div class=\"item_holder image_text_zoom_hover\"><div class=\"text_holder\"><div class=\"text_holder_outer\"><div class=\"text_holder_inner\"><h3 itemprop=\"name\" class=\"portfolio_title entry_title\"><a itemprop=\"url\" href=\"https:\/\/www.perlino.com\/es\/prodotti\/vino-spumante-rosato-brut\/\" >Vino Spumante Rosato Brut<\/a><\/h3><div  class=\"portfolio_separator separator  small center\"><\/div><span class=\"project_category\" >Espumosos<\/span><div class=\"icons_holder\"><\/div><\/div><\/div><\/div><div  class=\"portfolio_shader\"><\/div><div class=\"image_holder\"><span class=\"image\"><img width=\"208\" height=\"700\" src=\"https:\/\/www.perlino.com\/wp-content\/uploads\/2018\/08\/spumante.jpg\" class=\"attachment-full size-full wp-post-image\" alt=\"\" loading=\"lazy\" srcset=\"https:\/\/www.perlino.com\/wp-content\/uploads\/2018\/08\/spumante.jpg 208w, https:\/\/www.perlino.com\/wp-content\/uploads\/2018\/08\/spumante-89x300.jpg 89w\" sizes=\"(max-width: 208px) 100vw, 208px\" \/><\/span><\/div><\/div><\/article>\n<div class='filler'><\/div>\n<div class='filler'><\/div>\n<div class='filler'><\/div>\n<div class='filler'><\/div>\n<div class='filler'><\/div>\n<\/div><\/div>[vc_column_text]<strong>Pasi\u00f3n y tradici\u00f3n<\/strong> se unen para dar vida a una l\u00ednea de vinos espumosos con <strong>gusto fresco y joven,<\/strong> pero al mismo tiempo rico de historia. La selecci\u00f3n <strong>\u00abPerlino Spumanti\u00bb<\/strong> incluye un vasto surtido, que se pasea desde el gusto seco y decidido al m\u00e1s dulce y delicado. <strong>Ideales en toda ocasi\u00f3n para festejar, agradan a todos los paladares<\/strong>. Al tomarse fr\u00edos, acompa\u00f1ando los postres o en el aperitivo, son un pretexto delicioso y divertido para <strong>brindar junto a los amigos<\/strong>.[\/vc_column_text][vc_empty_space]<div class=\" ubtn-ctn-center \"><a class=\"ubtn-link ult-adjust-bottom-margin ubtn-center ubtn-large \"   href = \"https:\/\/www.perlino.com\/wp-content\/uploads\/2023\/01\/A4-Cat-Perlino-.pdf\" target='_blank'><button type=\"button\" id=\"ubtn-9341\" class=\"ubtn ult-adjust-bottom-margin ult-responsive ubtn-large ubtn-fade-bg  none  ubtn-center   tooltip-69e309ad69ca7\"  data-hover=\"\" data-border-color=\"\" data-bg=\"#e0e0e0\" data-hover-bg=\"#bababa\" data-border-hover=\"\" data-shadow-hover=\"\" data-shadow-click=\"none\" data-shadow=\"\" data-shd-shadow=\"\"  data-ultimate-target='#ubtn-9341'  data-responsive-json-new='{\"font-size\":\"\",\"line-height\":\"\"}'  style=\"font-weight:normal;border:none;background: #e0e0e0;color: #000000;\"><span class=\"ubtn-hover\" style=\"background-color:#bababa\"><\/span><span class=\"ubtn-data ubtn-text \" >CAT\u00c1LOGO COMPLETO<\/span><\/button><\/a><\/div>[\/vc_column][\/vc_row]<\/p>\n","protected":false},"excerpt":{"rendered":"<p>[vc_row css_animation=\u00bb\u00bb row_type=\u00bbrow\u00bb use_row_as_full_screen_section=\u00bbno\u00bb type=\u00bbgrid\u00bb angled_section=\u00bbno\u00bb text_align=\u00bbcenter\u00bb background_image_as_pattern=\u00bbwithout_pattern\u00bb padding_top=\u00bb55&#8243; padding_bottom=\u00bb55&#8243; z_index=\u00bb\u00bb][vc_column][vc_column_text]Pasi\u00f3n y tradici\u00f3n se unen para dar vida a una l\u00ednea de vinos espumosos con gusto fresco y joven, pero al mismo tiempo rico de historia. La selecci\u00f3n \u00abPerlino Spumanti\u00bb incluye un vasto surtido, que&#8230;<\/p>\n","protected":false},"author":1,"featured_media":0,"parent":0,"menu_order":0,"comment_status":"closed","ping_status":"closed","template":"full_width.php","meta":[],"_links":{"self":[{"href":"https:\/\/www.perlino.com\/es\/wp-json\/wp\/v2\/pages\/1042\/"}],"collection":[{"href":"https:\/\/www.perlino.com\/es\/wp-json\/wp\/v2\/pages\/"}],"about":[{"href":"https:\/\/www.perlino.com\/es\/wp-json\/wp\/v2\/types\/page\/"}],"author":[{"embeddable":true,"href":"https:\/\/www.perlino.com\/es\/wp-json\/wp\/v2\/users\/1\/"}],"replies":[{"embeddable":true,"href":"https:\/\/www.perlino.com\/es\/wp-json\/wp\/v2\/comments\/?post=1042"}],"version-history":[{"count":5,"href":"https:\/\/www.perlino.com\/es\/wp-json\/wp\/v2\/pages\/1042\/revisions\/"}],"predecessor-version":[{"id":2749,"href":"https:\/\/www.perlino.com\/es\/wp-json\/wp\/v2\/pages\/1042\/revisions\/2749\/"}],"wp:attachment":[{"href":"https:\/\/www.perlino.com\/es\/wp-json\/wp\/v2\/media\/?parent=1042"}],"curies":[{"name":"wp","href":"https:\/\/api.w.org\/{rel}","templated":true}]}}