{"id":1313,"date":"2018-08-08T15:09:48","date_gmt":"2018-08-08T15:09:48","guid":{"rendered":"https:\/\/www.perlino.com\/privacy\/"},"modified":"2018-08-08T15:09:48","modified_gmt":"2018-08-08T15:09:48","slug":"privacy","status":"publish","type":"page","link":"https:\/\/www.perlino.com\/en\/privacy\/","title":{"rendered":"Privacy &#038; cookie policy"},"content":{"rendered":"<p>[vc_row css_animation=&#8221;&#8221; row_type=&#8221;row&#8221; use_row_as_full_screen_section=&#8221;no&#8221; type=&#8221;grid&#8221; angled_section=&#8221;no&#8221; text_align=&#8221;left&#8221; background_image_as_pattern=&#8221;without_pattern&#8221; padding_top=&#8221;55&#8243; padding_bottom=&#8221;55&#8243; z_index=&#8221;&#8221;][vc_column][vc_column_text]<strong>PRIVACY &amp; COOKIES POLICY<\/strong><\/p>\n<p><strong><br \/>\nINFORMAZIONI SUL TRATTAMENTO DEI DATI PERSONALI<\/strong><strong><br \/>\n<\/strong><strong>ai sensi dell\u2019articolo 13 del Regolamento (UE) 2016\/679 (GDPR)<br \/>\n<\/strong><\/p>\n<p><strong><br \/>\nPERCHE\u2019 QUESTO AVVISO<br \/>\n<\/strong>In questa pagina si descrivono le modalit\u00e0 di gestione del sito in riferimento al trattamento dei dati personali degli utenti che lo consultano. Si tratta di un\u2019informativa che \u00e8 resa ai sensi del Regolamento (UE) 2016\/679 \u2013 a coloro che interagiscono con i nostri servizi web per la protezione dei dati personali, accessibili per via telematica sul dominio: www.perlino.com. L\u2019informativa \u00e8 resa solo per il dominio sopra indicato e non anche per altri siti web eventualmente consultati dall\u2019utente a partire da questo sito.<\/p>\n<p><strong><br \/>\nTITOLARE DEL TRATTAMENTO<br \/>\n<\/strong>A seguito della consultazione del sito sopra elencato possono essere trattati dati relativi a persone fisiche identificate o identificabili. Il titolare del trattamento \u00e8:<br \/>\nPerlino Spa &#8211; via Valgera 94, 14100 Asti<br \/>\nContatti: e-mail &#8211; perlino@perlino.com, pec &#8211; perlino@pec.it<\/p>\n<p><strong><br \/>\nBASE GIURIDICA DEL TRATTAMENTO<br \/>\n<\/strong>I dati personali indicati in questa pagina sono trattati dal titolare nell\u2019esecuzione dei propri compiti o comunque connessi all\u2019esercizio della propria attivit\u00e0, ivi incluso il compito di promuovere la consapevolezza e favorire la comprensione del pubblico riguardo ai rischi, alle norme, alle garanzie e ai diritti in relazione al trattamento e, altres\u00ec, di promuovere la consapevolezza dei titolari del trattamento e dei responsabili del trattamento riguardo agli obblighi imposti loro dal Regolamento (art. 57, par. 1, lett. b e d, del Regolamento).<\/p>\n<p><strong><br \/>\nINCARICATI DEL TRATTAMENTO<\/strong><strong><br \/>\n<\/strong>Gli incaricati di trattamento nominati dalla nostra societ\u00e0 nell\u2019ambito della gestione del servizio richiesto ed alle previste attivit\u00e0 di marketing<strong>\u00a0<\/strong>potranno venire a conoscenza dei<strong>\u00a0<\/strong>dati.<\/p>\n<p><strong><br \/>\nDIRITTI DEGLI INTERESSATI<\/strong><br \/>\nIn relazione ai trattamenti dei suoi dati personali svolti tramite questo sito, in ogni momento, in qualit\u00e0 di interessato potr\u00e0 esercitare i diritti previsti dal GDPR. In particolare potr\u00e0:<br \/>\n\u2013 accedere ai suoi dati personali, ottenendo evidenza delle finalit\u00e0 perseguite da parte del titolare, delle categorie di dati coinvolti, dei destinatari a cui gli stessi possono essere comunicati, del periodo di conservazione applicabile, dell\u2019esistenza di processi decisionali automatizzati, compresa la profilazione, e, almeno in tali casi, informazioni significative sulla logica utilizzata, nonch\u00e9 l\u2019importanza e le conseguenze possibili per l\u2019interessato, ove non gi\u00e0 indicato nel testo di questa Informativa;<br \/>\n\u2013 ottenere senza ritardo la rettifica dei dati personali inesatti che la riguardano;<br \/>\n\u2013 ottenere, nei casi previsti dalla legge, la cancellazione dei suoi dati;<br \/>\n\u2013 ottenere la limitazione del trattamento o di opporsi allo stesso, quando ammesso in base alle previsioni di legge applicabili al caso specifico;<br \/>\n\u2013 nei casi previsti dalla legge richiedere la portabilit\u00e0 dei dati che lei ha fornito al titolare, vale a dire di riceverli in un formato strutturato, di uso comune e leggibile da dispositivo automatico, ed anche richiedere di trasmettere tali dati ad un altro titolare, se tecnicamente fattibile;<br \/>\n\u2013 ove lo ritenga opportuno, proporre reclamo all\u2019autorit\u00e0 di controllo.<\/p>\n<p>Per i trattamenti di dati personali per i quali la base giuridica \u00e8 il consenso, potr\u00e0 sempre revocarlo ed in particolare esercitare il diritto di opposizione al marketing diretto.<br \/>\nPer esercitare tali diritti, baster\u00e0 contattare il titolare del trattamento facendo riferimento ai dati di contatto riportati all\u2019inizio di questa Informativa.<br \/>\nPer avere ulteriori informazioni in ordine ai suoi diritti ed alla disciplina sulla privacy in generale La invitiamo a visitare il sito web dell\u2019Autorit\u00e0 Garante per la protezione dei dati personali, all\u2019indirizzo http:\/\/www.garanteprivacy.it\/<\/p>\n<p><strong><br \/>\nFINALIT\u00c0 DEL TRATTAMENTO<br \/>\n<\/strong>I dati personali forniti saranno trattati al fine di:<br \/>\na) effettuare lo svolgimento delle operazioni strettamente necessarie e procedere all\u2019erogazione dei servizi eventualmente da lei richiesti, tra questi inclusa la sua navigazione tra le pagine del sito;<br \/>\nb) consultare, formulare ed elaborare la risposta o l\u2019invio di preventivi e offerte conseguenti una richiesta di informazioni o di proposte di servizi e prodotti;<br \/>\nc) adempiere ad obblighi di legge di natura fisica, contabile e amministrativa;<br \/>\nd) \u00a0adempiere ad esigenze di tipo operativo e gestionale interne all\u2019azienda ed inerenti al servizio fornito.<br \/>\nI dati automaticamente acquisiti dal sistema informatico verranno utilizzati al solo fine di:<br \/>\ne) ricavare informazioni statistiche anonime sull\u2019uso del sito<br \/>\nf) verificare il corretto funzionamento del sistema informatico<br \/>\nI sistemi informatici e le procedure software preposte al funzionamento di questo sito web acquisiscono, nel corso del loro normale esercizio, alcuni dati personali la cui trasmissione \u00e8 implicita nell\u2019uso dei protocolli di comunicazione di Internet.<br \/>\nSi tratta di informazioni che non sono raccolte per essere associate a interessati identificati, ma che per la loro stessa natura potrebbero, attraverso elaborazioni ed associazioni con dati detenuti da terzi, permettere di identificare gli utenti.<br \/>\nIn questa categoria di dati rientrano gli indirizzi IP o i nomi a dominio dei computer utilizzati dagli utenti che si connettono al sito, gli indirizzi in notazione URl (Uniform Resource Identifier) delle risorse richieste, l\u2019orario della richiesta, il metodo utilizzato nel sottoporre la richiesta al server ed altri parametri relativi al sistema operativo e all\u2019ambiente informatico dell\u2019utente. Questi dati vengono utilizzati al solo fine di ricavare informazioni statistiche anonime sull\u2019uso del sito e per controllarne il corretto funzionamento e vengono cancellati immediatamente dopo l\u2019elaborazione. I dati potrebbero essere\u00a0utilizzati per l\u2019accertamento di responsabilit\u00e0 in caso di ipotetici reati informatici ai danni del sito: salva questa eventualit\u00e0, allo stato i dati non persistono per pi\u00f9 di sette giorni.<\/p>\n<p><strong><br \/>\nDESTINATARI DEI DATI<br \/>\n<\/strong>I dati raccolti saranno trattati esclusivamente nell\u2019ambito delle finalit\u00e0 sopraddette all\u2019interno del territorio italiano. Nel rispetto delle misure di sicurezza adeguate, messe in atto dal Titolare, i Suoi dati potranno altres\u00ec essere comunicati ad enti di pubblica sicurezza e ad altri soggetti pubblici e privati per l\u2019adempimento di obblighi previsti dalla legge anche di natura fiscale, amministrativa, finanziaria e simili. In nessun caso i dati saranno diffusi.<\/p>\n<p><strong><br \/>\nMODALITA\u2019 DI TRATTAMENTO<\/strong><strong><br \/>\n<\/strong>Il trattamento dei dati sar\u00e0 effettuato sia manualmente sia con l\u2019ausilio di mezzi informatici e telematici a mezzo posta ordinaria od elettronica. I dati saranno conservati sia in archivi cartacei sia in archivi elettronici per il tempo strettamente necessario a conseguire gli scopi per cui sono stati raccolti.<br \/>\nIl conferimento dei dati personali nei moduli inviati tramite form da parte dell\u2019interessato \u00e8 facoltativo: in mancanza della compilazione completa dei dati contrassegnati con l\u2019asterisco come \u201cobbligatori\u201d, il Servizio richiesto non potr\u00e0 essere erogato. Il mancato conferimento dei restanti dati non contrassegnati come \u201cobbligatori\u201d consentir\u00e0 comunque l\u2019ottenimento del Servizio. I suoi dati personali potranno essere comunicati a terzi per adempiere ad obblighi di legge, ovvero per rispettare ordini provenienti da pubbliche autorit\u00e0 ovvero per esercitare un diritto in sede giudiziaria. I suoi dati personali non saranno oggetto di diffusione.<\/p>\n<p><strong><br \/>\nTIPI DI DATI CHE POSSIAMO TRATTARE<\/strong><br \/>\n-Informazioni personali come nome, cognome, telefono e email<br \/>\n-Credenziali di accesso (nome utente e password)<br \/>\n-Cronologia di navigazione<br \/>\n-Preferenze per prodotti<br \/>\n-Dati derivanti da cookies<\/p>\n<p><strong><br \/>\nPER QUANTO TEMPO SONO CONSERVATI I DATI<\/strong><br \/>\nNel rispetto dei principi di proporzionalit\u00e0 e necessit\u00e0, i dati non saranno conservati per periodi pi\u00f9 lunghi rispetto a quelli indispensabili alla realizzazione delle finalit\u00e0 sopra indicate e, dunque, al servizio offerto o alle specifiche norme di legge in materia.<br \/>\nI dati provenienti da form di contatto sono mantenuti solo per il tempo necessario per l\u2019adempimento della richiesta dell\u2019utente, gli altri dati non vengono mantenuti internamente ma potrebbero essere trattenuti da terzi secondo le loro privacy policy.<\/p>\n<hr \/>\n<p><strong><br \/>\nCOOKIE<\/strong><\/p>\n<p>I cookie sono stringhe di testo di piccole dimensioni che i siti visitati dall\u2019utente inviano al suo terminale (solitamente al browser) dove vengono memorizzati per essere poi ritrasmessi agli stessi siti alla successiva visita del medesimo utente. Utilizziamo cookie, pixel e altre tecnologie (congiuntamente, i \u201ccookie\u201d), per riconoscere il tuo browser e offrirti funzionalit\u00e0 e servizi essenziali. Terzi autorizzati potrebbero anche impostare cookie quando interagisci con i nostri servizi. Per terzi si intendono motori di ricerca, fornitori di servizi di misurazione e analisi, reti di social media e societ\u00e0 pubblicitarie.<br \/>\nLa nostra azienda \u00e8 responsabile, nella sua qualit\u00e0 di titolare del trattamento, esclusivamente dei cookie di prima parte dalla stessa installati sul Sito.<\/p>\n<p><strong><br \/>\nMODALIT\u00c0 PER MANIFESTARE IL CONSENSO AI COOKIE DI PROFILAZIONE<\/strong><br \/>\na) Chi visita il sito pu\u00f2 accettare tutti i cookie chiudendo il banner, cliccando su \u201cAccetto\u201d presente nel banner stesso oppure scorrendo la pagina che sta visitando.<br \/>\nb) In occasione della prima visita al sito, se non si compie nessuna delle azioni descritte nel banner ma, dal banner, accede alla presente informativa estesa, si pu\u00f2 interagire con i singoli moduli di consenso presenti nella informativa estesa dove \u00e8 possibile prestare e\/o negare il consenso, a seconda dei casi, alla installazione dei cookie cliccando sull\u2019apposito link riportato nell\u2019 \u201cInformativa privacy e modulo di consenso\u201d di seguito. Attenzione: se non si interagisce con i moduli del consenso e si esce dall\u2019informativa estesa, chiudendo la pagina nella quale l\u2019informativa \u00e8 contenuta o proseguendo la navigazione nel sito, si presta il consenso per tutti i cookie.<br \/>\nc) In occasione di successive visite al sito (a condizione che l\u2019utente abbia precedentemente manifestato la propria preferenza circa l\u2019utilizzo dei cookie, come indicato ai punti che precedono), si pu\u00f2 accedere alla informativa estesa attraverso il link \u201cCookie Policy\u201d, presente in ogni pagina del sito e negare il consenso ai cookie di profilazione di terza parte cliccando sul \u201cmodulo di consenso\u201d riportato (ove disponibile), per ciascun cookie di terza parte, nella sezione seguente \u201cCookie di terze parti installati tramite del Sito\u201d che segue.<br \/>\nd) In ogni caso, attraverso le impostazioni del browser. La procedura da seguire per configurare tali impostazioni \u00e8 la seguente:<strong><br \/>\n<\/strong><strong><br \/>\nChrome<br \/>\n<\/strong><u>https:\/\/support.google.com\/accounts\/answer\/61416? hl=it<\/u><\/p>\n<p>\u2013 Eseguire il Browser Chrome<br \/>\n\u2013 Fare click sul men\u00f9\u00a0presente nella barra degli strumenti del browser a fianco della finestra di inserimento url per la navigazione<br \/>\n\u2013 Selezionare\u00a0Impostazioni<br \/>\n\u2013 Fare clic su\u00a0Mostra Impostazioni Avanzate<br \/>\n\u2013 Nella sezione \u201cPrivacy\u201d fare clic su bottone \u201cImpostazioni contenuti\u201c<br \/>\n\u2013 Nella sezione \u201cCookie\u201d \u00e8 possibile modificare le seguenti impostazioni relative ai cookie:<br \/>\n\u2013 Consentire il salvataggio dei dati in locale<br \/>\n\u2013 Modificare i dati locali solo fino alla chiusura del browser<br \/>\n\u2013 Impedire ai siti di impostare i cookie<br \/>\n\u2013 Bloccare i cookie di terze parti e i dati dei siti<br \/>\n\u2013 Gestire le eccezioni per alcuni siti internet<br \/>\n\u2013 Eliminazione di uno o tutti i cookie<\/p>\n<p><strong><br \/>\nMozilla Firefox<br \/>\n<\/strong><u>https:\/\/support.mozilla.org\/it\/kb\/Attivare%20e%20disattivare%20i%20cookie<\/u><br \/>\n\u2013 Eseguire il Browser Mozilla Firefox<br \/>\n\u2013 Fare click sul men\u00f9\u00a0presente nella barra degli strumenti del browser a fianco della finestra di inserimento url per la navigazione<br \/>\n\u2013 Selezionare\u00a0Opzioni<br \/>\n\u2013 Seleziona il pannello\u00a0Privacy<br \/>\n\u2013 Fare clic su\u00a0Mostra Impostazioni Avanzate<br \/>\n\u2013 Nella sezione \u201cPrivacy\u201d fare clic su bottone \u201cImpostazioni contenuti\u201c<br \/>\n\u2013 Nella sezione \u201cTracciamento\u201d \u00e8 possibile modificare le seguenti impostazioni relative ai cookie:<br \/>\n\u2013 Richiedi ai siti di non effettuare alcun tracciamento<br \/>\n\u2013 Comunica ai siti la disponibilit\u00e0 ad essere tracciato<br \/>\n\u2013 Non comunicare alcuna preferenza relativa al tracciamento dei dati personali<br \/>\n\u2013 Dalla sezione \u201cCronologia\u201d \u00e8 possibile:<br \/>\n\u2013 Abilitando \u201cUtilizza impostazioni personalizzate\u201d selezionare di accettare i cookie di terze parti (sempre, dai siti pi\u00f9 visitato o mai) e di conservarli per un periodo determinato (fino alla loro scadenza, alla chiusura di Firefox o di chiedere ogni volta)<br \/>\n\u2013 Rimuovere i singoli cookie immagazzinati<\/p>\n<p><strong><br \/>\nInternet Explorer<br \/>\n<\/strong><u><a href=\"http:\/\/windows.microsoft.com\/it-it\/internet-explorer\/delete-manage-cookies#ie=ie-11\" target=\"_blank\" rel=\"noopener\">http:\/\/windows.microsoft.com\/it-it\/internet-explorer\/delete-manage-cookies#ie=ie-11<\/a><\/u><\/p>\n<p>\u2013 Eseguire il Browser Internet Explorer<br \/>\n\u2013 Fare click sul pulsante\u00a0Strumenti\u00a0e scegliere\u00a0Opzioni Internet<br \/>\n\u2013 Fare click sulla scheda\u00a0Privacy\u00a0e nella sezione Impostazioni modificare il dispositivo di scorrimento in funzione dell\u2019azione desiderata per i cookie:<br \/>\n\u2013 Bloccare tutti i cookie<br \/>\n\u2013 Consentire tutti i cookie<br \/>\n\u2013 Selezione dei siti da cui ottenere cookie: spostare il cursore in una posizione intermedia in modo da non bloccare o consentire tutti i cookie, premere quindi su Siti, nella casella Indirizzo Sito Web inserire un sito internet e quindi premere su Blocca o Consenti<\/p>\n<p><strong><br \/>\nSafari 6<br \/>\n<\/strong><u>https:\/\/support.apple.com\/kb\/PH19214?viewlocale=it_IT&amp;locale=en_US<\/u><br \/>\n\u2013 Eseguire il Browser Safari<br \/>\n\u2013 Fare click su\u00a0Safari, selezionare\u00a0Preferenze\u00a0e premere su\u00a0Privacy<br \/>\n\u2013 Nella sezione\u00a0<em>Blocca Cookie<\/em>\u00a0specificare come Safari deve accettare i cookie dai siti internet.<br \/>\n\u2013 Per visionare quali siti hanno immagazzinato i cookie cliccare su\u00a0Dettagli<\/p>\n<p><strong><br \/>\nSafari iOS (dispositivi mobile)<br \/>\n<\/strong><u>https:\/\/support.apple.com\/kb\/PH19214?viewlocale=it_IT&amp;locale=en_US<\/u><br \/>\n\u2013 Eseguire il Browser Safari iOS<br \/>\n\u2013 Tocca su\u00a0Impostazioni\u00a0e poi\u00a0Safari<br \/>\n\u2013 Tocca su\u00a0Blocca Cookie\u00a0e scegli tra le varie opzioni: \u201cMai\u201d, \u201cDi terze parti e inserzionisti\u201d o \u201cSempre\u201d<br \/>\n\u2013 Per cancellare tutti i cookie immagazzinati da Safari, tocca su\u00a0Impostazioni, poi su\u00a0Safari\u00a0e infine su\u00a0Cancella Cookie e dati<\/p>\n<p><strong><br \/>\nOpera<br \/>\n<\/strong><u>https:\/\/www.opera.com\/help\/tutorials\/security\/privacy\/<\/u><br \/>\n\u2013 Eseguire il Browser Opera<br \/>\n\u2013 Fare click sul Preferenze poi su Avanzate e infine su Cookie<br \/>\n\u2013 Selezionare una delle seguenti opzioni:<br \/>\n\u2013 Accetta tutti i cookie<br \/>\n\u2013 Accetta i cookie solo dal sito che si visita: i cookie di terze parti e che vengono inviati da un dominio diverso da quello che si sta visitando verranno rifiutati<\/p>\n<p>Per i cookie di pubblicit\u00e0 comportamentale il visitatore pu\u00f2 anche impostare le preferenze attraverso il sito<br \/>\nwww.youronlinechoices.com\/it (il sistema opera con riferimento alle societ\u00e0 aderenti che utilizzano cookie per pubblicit\u00e0 comportamentale).<\/p>\n<p><strong><br \/>\nCOOKIE INSTALLATI PER IL TRAMITE DEL SITO<\/strong><\/p>\n<p><strong><br \/>\nCookie tecnici<\/strong><br \/>\nIl sito pu\u00f2 utilizzare cookie tecnici che non richiedono il consenso preventivo dell\u2019utente forniti da:<br \/>\n\u2013 WordPress<br \/>\n\u2013 Cookie Consent<br \/>\n\u2013 Cookiebot<\/p>\n<p><strong><br \/>\nCookie di statistica, analitici e di profilazione pubblicitaria<\/strong><br \/>\nIl sito pu\u00f2 utilizzare cookie di terze parti, anche in forma disaggregata, a fini di statistica, di analisi e di marketing pubblicitario forniti da:<br \/>\n\u2013 Google Inc. (Google\u00a0Analytics, Google Maps, Google Recaptcha, Google Adwords\u2026)<br \/>\nInformativa privacy: <u>http:\/\/www.google.com\/intl\/it\/policies\/privacy\/<\/u><br \/>\nModulo di consenso: <u>https:\/\/tools.google.com\/dlpage\/gaoptout<\/u><br \/>\n\u2013 Facebook (Facebook)<br \/>\nInformativa privacy:\u00a0<u>https:\/\/www.facebook.com\/privacy\/explanation<\/u><br \/>\n\u2013 Linkedin<br \/>\nInformativa privacy:\u00a0<u>https:\/\/www.linkedin.com\/legal\/privacy-policy<\/u><br \/>\n\u2013 Instagram<br \/>\nInformativa privacy:\u00a0<u>https:\/\/help.instagram.com\/155833707900388<\/u><br \/>\n\u2013 Pinterest<br \/>\nInformativa privacy:\u00a0<u>https:\/\/policy.pinterest.com\/it\/privacy-policy<\/u><br \/>\n\u2013 Twitter<br \/>\nInformativa privacy: <u>https:\/\/twitter.com\/privacy<\/u><\/p>\n<p>&nbsp;<\/p>\n<p><strong><br \/>\nCookie per lettori multimediali<\/strong><br \/>\nIl sito pu\u00f2 utilizzare cookie per lettori multimediali che sono utilizzati per archiviare dati tecnici necessari alla riproduzione di contenuti video o audio, come la qualit\u00e0 dell\u2019immagine, la velocit\u00e0 del collegamento in rete e i parametri di bufferizzazione. Questi cookie di sessione multimediali sono comunemente noti come \u201ccookie flash\u201d.<br \/>\n\u2013 Google Inc. (Youtube)<br \/>\nInformativa privacy: http:\/\/www.google.com\/intl\/it\/policies\/privacy\/<br \/>\nModulo di consenso: https:\/\/tools.google.com\/dlpage\/gaoptout[\/vc_column_text][\/vc_column][\/vc_row]<\/p>\n","protected":false},"excerpt":{"rendered":"<p>[vc_row css_animation=&#8221;&#8221; row_type=&#8221;row&#8221; use_row_as_full_screen_section=&#8221;no&#8221; type=&#8221;grid&#8221; angled_section=&#8221;no&#8221; text_align=&#8221;left&#8221; background_image_as_pattern=&#8221;without_pattern&#8221; padding_top=&#8221;55&#8243; padding_bottom=&#8221;55&#8243; z_index=&#8221;&#8221;][vc_column][vc_column_text]PRIVACY &amp; COOKIES POLICY INFORMAZIONI SUL TRATTAMENTO DEI DATI PERSONALI ai sensi dell\u2019articolo 13 del Regolamento (UE) 2016\/679 (GDPR) PERCHE\u2019 QUESTO AVVISO In questa pagina si descrivono le modalit\u00e0 di gestione del sito in riferimento&#8230;<\/p>\n","protected":false},"author":1,"featured_media":0,"parent":0,"menu_order":0,"comment_status":"closed","ping_status":"closed","template":"full_width.php","meta":[],"_links":{"self":[{"href":"https:\/\/www.perlino.com\/en\/wp-json\/wp\/v2\/pages\/1313\/"}],"collection":[{"href":"https:\/\/www.perlino.com\/en\/wp-json\/wp\/v2\/pages\/"}],"about":[{"href":"https:\/\/www.perlino.com\/en\/wp-json\/wp\/v2\/types\/page\/"}],"author":[{"embeddable":true,"href":"https:\/\/www.perlino.com\/en\/wp-json\/wp\/v2\/users\/1\/"}],"replies":[{"embeddable":true,"href":"https:\/\/www.perlino.com\/en\/wp-json\/wp\/v2\/comments\/?post=1313"}],"version-history":[{"count":0,"href":"https:\/\/www.perlino.com\/en\/wp-json\/wp\/v2\/pages\/1313\/revisions\/"}],"wp:attachment":[{"href":"https:\/\/www.perlino.com\/en\/wp-json\/wp\/v2\/media\/?parent=1313"}],"curies":[{"name":"wp","href":"https:\/\/api.w.org\/{rel}","templated":true}]}}